{"id":12453,"date":"2023-08-16T10:05:20","date_gmt":"2023-08-16T10:05:20","guid":{"rendered":"https:\/\/www.forcebrothers.com\/?page_id=12453"},"modified":"2024-09-17T08:27:11","modified_gmt":"2024-09-17T08:27:11","slug":"enerjisa-edaslari-satin-alma-yeteneklerinin-gelistirilmesi","status":"publish","type":"page","link":"https:\/\/www.forcebrothers.com\/en\/enerjisa-edaslari-satin-alma-yeteneklerinin-gelistirilmesi\/","title":{"rendered":"Developing EnerjiSA DISCOMs Procurement Capabilities"},"content":{"rendered":"<div data-elementor-type=\"wp-page\" data-elementor-id=\"12453\" class=\"elementor elementor-12453\" data-elementor-post-type=\"page\">\n\t\t\t\t\t\t<section class=\"elementor-section elementor-top-section elementor-element elementor-element-6b37a97 elementor-section-height-min-height elementor-section-stretched elementor-section-boxed elementor-section-height-default elementor-section-items-middle\" data-id=\"6b37a97\" data-element_type=\"section\" data-e-type=\"section\" data-settings=\"{&quot;stretch_section&quot;:&quot;section-stretched&quot;,&quot;background_background&quot;:&quot;classic&quot;,&quot;shape_divider_bottom&quot;:&quot;curve-asymmetrical&quot;,&quot;shape_divider_bottom_negative&quot;:&quot;yes&quot;,&quot;ashton_ext_is_background_on_scroll&quot;:&quot;false&quot;}\">\n\t\t\t\t\t<div class=\"elementor-shape elementor-shape-bottom\" aria-hidden=\"true\" data-negative=\"true\">\n\t\t\t<svg xmlns=\"http:\/\/www.w3.org\/2000\/svg\" viewbox=\"0 0 1000 100\" preserveaspectratio=\"none\">\n\t<path class=\"elementor-shape-fill\" d=\"M615.2,96.7C240.2,97.8,0,18.9,0,0v100h1000V0C1000,19.2,989.8,96,615.2,96.7z\"\/>\n<\/svg>\t\t<\/div>\n\t\t\t\t\t<div class=\"elementor-container elementor-column-gap-default\">\n\t\t\t\t\t<div class=\"elementor-column elementor-col-50 elementor-top-column elementor-element elementor-element-92db38f\" data-id=\"92db38f\" data-element_type=\"column\" data-e-type=\"column\" data-settings=\"{&quot;ashton_ext_link_sidemenu&quot;:&quot;false&quot;,&quot;ashton_ext_link_fullmenu&quot;:&quot;false&quot;,&quot;ashton_ext_is_sticky&quot;:&quot;false&quot;,&quot;ashton_ext_is_scrollme&quot;:&quot;false&quot;,&quot;ashton_ext_is_parallax_mouse&quot;:&quot;false&quot;,&quot;ashton_ext_is_infinite&quot;:&quot;false&quot;,&quot;ashton_ext_is_fadeout_animation&quot;:&quot;false&quot;}\">\n\t\t\t<div class=\"elementor-widget-wrap elementor-element-populated\">\n\t\t\t\t\t\t<div class=\"elementor-element elementor-element-775d542 elementor-widget elementor-widget-heading\" data-id=\"775d542\" data-element_type=\"widget\" data-e-type=\"widget\" data-settings=\"{&quot;ashton_ext_link_sidemenu&quot;:&quot;false&quot;,&quot;ashton_ext_link_fullmenu&quot;:&quot;false&quot;,&quot;ashton_ext_is_sticky&quot;:&quot;false&quot;,&quot;ashton_ext_is_scrollme&quot;:&quot;false&quot;,&quot;ashton_ext_is_smoove&quot;:&quot;false&quot;,&quot;ashton_ext_is_parallax_mouse&quot;:&quot;false&quot;,&quot;ashton_ext_is_infinite&quot;:&quot;false&quot;,&quot;ashton_ext_is_fadeout_animation&quot;:&quot;false&quot;}\" data-widget_type=\"heading.default\">\n\t\t\t\t\t<h2 class=\"elementor-heading-title elementor-size-default\">Developing EnerjiSA DISCOMs Procurement Capabilities<\/h2>\t\t\t\t<\/div>\n\t\t\t\t<section class=\"elementor-section elementor-inner-section elementor-element elementor-element-dd4bc6e elementor-hidden-phone elementor-section-boxed elementor-section-height-default elementor-section-height-default\" data-id=\"dd4bc6e\" data-element_type=\"section\" data-e-type=\"section\" data-settings=\"{&quot;ashton_ext_is_background_parallax&quot;:&quot;false&quot;,&quot;ashton_ext_is_background_on_scroll&quot;:&quot;false&quot;}\">\n\t\t\t\t\t\t<div class=\"elementor-container elementor-column-gap-default\">\n\t\t\t\t\t<div class=\"elementor-column elementor-col-100 elementor-inner-column elementor-element elementor-element-bdbdc20\" data-id=\"bdbdc20\" data-element_type=\"column\" data-e-type=\"column\" data-settings=\"{&quot;ashton_ext_link_sidemenu&quot;:&quot;false&quot;,&quot;ashton_ext_link_fullmenu&quot;:&quot;false&quot;,&quot;ashton_ext_is_sticky&quot;:&quot;false&quot;,&quot;ashton_ext_is_scrollme&quot;:&quot;false&quot;,&quot;ashton_ext_is_smoove&quot;:&quot;false&quot;,&quot;ashton_ext_is_parallax_mouse&quot;:&quot;false&quot;,&quot;ashton_ext_is_infinite&quot;:&quot;false&quot;,&quot;ashton_ext_is_fadeout_animation&quot;:&quot;false&quot;}\">\n\t\t\t<div class=\"elementor-widget-wrap\">\n\t\t\t\t\t\t\t<\/div>\n\t\t<\/div>\n\t\t\t\t\t<\/div>\n\t\t<\/section>\n\t\t\t\t\t<\/div>\n\t\t<\/div>\n\t\t\t\t<div class=\"elementor-column elementor-col-50 elementor-top-column elementor-element elementor-element-88bfbfd elementor-hidden-phone elementor-hidden-tablet\" data-id=\"88bfbfd\" data-element_type=\"column\" data-e-type=\"column\" data-settings=\"{&quot;ashton_ext_link_sidemenu&quot;:&quot;false&quot;,&quot;ashton_ext_link_fullmenu&quot;:&quot;false&quot;,&quot;ashton_ext_is_sticky&quot;:&quot;false&quot;,&quot;ashton_ext_is_scrollme&quot;:&quot;false&quot;,&quot;ashton_ext_is_smoove&quot;:&quot;false&quot;,&quot;ashton_ext_is_parallax_mouse&quot;:&quot;false&quot;,&quot;ashton_ext_is_infinite&quot;:&quot;false&quot;,&quot;ashton_ext_is_fadeout_animation&quot;:&quot;false&quot;}\">\n\t\t\t<div class=\"elementor-widget-wrap elementor-element-populated\">\n\t\t\t\t\t\t<div class=\"elementor-element elementor-element-8e64b37 elementor-widget elementor-widget-spacer\" data-id=\"8e64b37\" data-element_type=\"widget\" data-e-type=\"widget\" data-settings=\"{&quot;ashton_ext_link_sidemenu&quot;:&quot;false&quot;,&quot;ashton_ext_link_fullmenu&quot;:&quot;false&quot;,&quot;ashton_ext_is_sticky&quot;:&quot;false&quot;,&quot;ashton_ext_is_scrollme&quot;:&quot;false&quot;,&quot;ashton_ext_is_smoove&quot;:&quot;false&quot;,&quot;ashton_ext_is_parallax_mouse&quot;:&quot;false&quot;,&quot;ashton_ext_is_infinite&quot;:&quot;false&quot;,&quot;ashton_ext_is_fadeout_animation&quot;:&quot;false&quot;}\" data-widget_type=\"spacer.default\">\n\t\t\t\t\t\t\t<div class=\"elementor-spacer\">\n\t\t\t<div class=\"elementor-spacer-inner\"><\/div>\n\t\t<\/div>\n\t\t\t\t\t\t<\/div>\n\t\t\t\t\t<\/div>\n\t\t<\/div>\n\t\t\t\t\t<\/div>\n\t\t<\/section>\n\t\t\t\t<section class=\"elementor-section elementor-top-section elementor-element elementor-element-24706da elementor-section-boxed elementor-section-height-default elementor-section-height-default\" data-id=\"24706da\" data-element_type=\"section\" data-e-type=\"section\" data-settings=\"{&quot;ashton_ext_is_background_parallax&quot;:&quot;false&quot;,&quot;ashton_ext_is_background_on_scroll&quot;:&quot;false&quot;}\">\n\t\t\t\t\t\t<div class=\"elementor-container elementor-column-gap-default\">\n\t\t\t\t\t<div class=\"elementor-column elementor-col-66 elementor-top-column elementor-element elementor-element-0e9892a\" data-id=\"0e9892a\" data-element_type=\"column\" data-e-type=\"column\" data-settings=\"{&quot;ashton_ext_link_sidemenu&quot;:&quot;false&quot;,&quot;ashton_ext_link_fullmenu&quot;:&quot;false&quot;,&quot;ashton_ext_is_sticky&quot;:&quot;false&quot;,&quot;ashton_ext_is_scrollme&quot;:&quot;false&quot;,&quot;ashton_ext_is_smoove&quot;:&quot;false&quot;,&quot;ashton_ext_is_parallax_mouse&quot;:&quot;false&quot;,&quot;ashton_ext_is_infinite&quot;:&quot;false&quot;,&quot;ashton_ext_is_fadeout_animation&quot;:&quot;false&quot;}\">\n\t\t\t<div class=\"elementor-widget-wrap elementor-element-populated\">\n\t\t\t\t\t\t<div class=\"elementor-element elementor-element-997e116 elementor-widget elementor-widget-text-editor\" data-id=\"997e116\" data-element_type=\"widget\" data-e-type=\"widget\" data-settings=\"{&quot;ashton_ext_link_sidemenu&quot;:&quot;false&quot;,&quot;ashton_ext_link_fullmenu&quot;:&quot;false&quot;,&quot;ashton_ext_is_sticky&quot;:&quot;false&quot;,&quot;ashton_ext_is_scrollme&quot;:&quot;false&quot;,&quot;ashton_ext_is_parallax_mouse&quot;:&quot;false&quot;,&quot;ashton_ext_is_infinite&quot;:&quot;false&quot;,&quot;ashton_ext_is_fadeout_animation&quot;:&quot;false&quot;}\" data-widget_type=\"text-editor.default\">\n\t\t\t\t\t\t\t\t\t<div class=\"project-content-item\"><div class=\"project-content-item\"><div class=\"project-content-item\"><div class=\"project-content-item\"><div class=\"project-content-item\"><div class=\"project-content-item\"><div class=\"project-content-item\"><p class=\"p1\">The project aims to establish a comprehensive procurement system based on artificial intelligence and data management to enable EnerjiSA distribution companies to tender in accordance with EMRA Tender Regulation and to activate the procurement process. Within this scope<\/p><p class=\"p1\">- Analysis of the current situation - Process development,<\/p><p class=\"p1\">- Transfer of know-how in remediation areas,<\/p><p class=\"p1\">- Digitalization and process optimization studies were carried out.<\/p><p class=\"p1\">With the filter system developed in the project, the criticality level of the products purchased by distribution companies was measured using the Kraljic matrix method and an infrastructure was created for the strategic procurement unit to make data-based decisions. At the same time, decision-making and bidding processes were simplified in accordance with EMRA tender regulations, significantly reducing the end-to-end tender effort.<\/p><\/div><\/div><\/div><\/div><\/div><\/div><\/div>\t\t\t\t\t\t\t\t<\/div>\n\t\t\t\t\t<\/div>\n\t\t<\/div>\n\t\t\t\t<div class=\"elementor-column elementor-col-33 elementor-top-column elementor-element elementor-element-1cb6191\" data-id=\"1cb6191\" data-element_type=\"column\" data-e-type=\"column\" data-settings=\"{&quot;ashton_ext_is_sticky&quot;:&quot;true&quot;,&quot;ashton_ext_link_sidemenu&quot;:&quot;false&quot;,&quot;ashton_ext_link_fullmenu&quot;:&quot;false&quot;,&quot;ashton_ext_sticky_top_spacing&quot;:{&quot;unit&quot;:&quot;px&quot;,&quot;size&quot;:100,&quot;sizes&quot;:[]},&quot;ashton_ext_is_scrollme&quot;:&quot;false&quot;,&quot;ashton_ext_is_smoove&quot;:&quot;false&quot;,&quot;ashton_ext_is_parallax_mouse&quot;:&quot;false&quot;,&quot;ashton_ext_is_infinite&quot;:&quot;false&quot;,&quot;ashton_ext_is_fadeout_animation&quot;:&quot;false&quot;}\">\n\t\t\t<div class=\"elementor-widget-wrap elementor-element-populated\">\n\t\t\t\t\t\t<div class=\"elementor-element elementor-element-85ab4d1 elementor-widget elementor-widget-heading\" data-id=\"85ab4d1\" data-element_type=\"widget\" data-e-type=\"widget\" data-settings=\"{&quot;ashton_ext_link_sidemenu&quot;:&quot;false&quot;,&quot;ashton_ext_link_fullmenu&quot;:&quot;false&quot;,&quot;ashton_ext_is_sticky&quot;:&quot;false&quot;,&quot;ashton_ext_is_scrollme&quot;:&quot;false&quot;,&quot;ashton_ext_is_smoove&quot;:&quot;false&quot;,&quot;ashton_ext_is_parallax_mouse&quot;:&quot;false&quot;,&quot;ashton_ext_is_infinite&quot;:&quot;false&quot;,&quot;ashton_ext_is_fadeout_animation&quot;:&quot;false&quot;}\" data-widget_type=\"heading.default\">\n\t\t\t\t\t<h2 class=\"elementor-heading-title elementor-size-default\">LABELS<\/h2>\t\t\t\t<\/div>\n\t\t\t\t<div class=\"elementor-element elementor-element-308f342 elementor-widget elementor-widget-text-editor\" data-id=\"308f342\" data-element_type=\"widget\" data-e-type=\"widget\" data-settings=\"{&quot;ashton_ext_link_sidemenu&quot;:&quot;false&quot;,&quot;ashton_ext_link_fullmenu&quot;:&quot;false&quot;,&quot;ashton_ext_is_sticky&quot;:&quot;false&quot;,&quot;ashton_ext_is_scrollme&quot;:&quot;false&quot;,&quot;ashton_ext_is_smoove&quot;:&quot;false&quot;,&quot;ashton_ext_is_parallax_mouse&quot;:&quot;false&quot;,&quot;ashton_ext_is_infinite&quot;:&quot;false&quot;,&quot;ashton_ext_is_fadeout_animation&quot;:&quot;false&quot;}\" data-widget_type=\"text-editor.default\">\n\t\t\t\t\t\t\t\t\t<div class=\"project-related-item\">\n<div class=\"project-related-item\">\n<div class=\"project-related-item\">\n<div class=\"project-related-item\">\n<div class=\"project-related-item\">\n<div class=\"project-related-item\">\n<div class=\"project-related-item\">\n<div class=\"project-related-item\">\n<p class=\"p1\">Institutional Capacity Increase<br> Procurement and Tender Management<\/p>\n\n<\/div>\n<\/div>\n<\/div>\n<\/div>\n<\/div>\n<\/div>\n<\/div>\n<\/div>\t\t\t\t\t\t\t\t<\/div>\n\t\t\t\t\t<\/div>\n\t\t<\/div>\n\t\t\t\t\t<\/div>\n\t\t<\/section>\n\t\t\t\t<\/div>","protected":false},"excerpt":{"rendered":"<p>EnerjiSA EDA\u015e\u2019lar\u0131 Sat\u0131n Alma Yeteneklerinin Geli\u015ftirilmesi Proje kapsam\u0131nda EnerjiSA da\u011f\u0131t\u0131m \u015firketlerinin EPDK \u0130hale Y\u00f6netmeli\u011fi&#8217;ne uygun olarak ihaleye \u00e7\u0131kabilmeleri ve sat\u0131n alma s\u00fcrecini etkinle\u015ftirebilmeleri i\u00e7in yapay zeka ve veri y\u00f6netimine dayal\u0131 kapsaml\u0131 bir sat\u0131n alma sisteminin kurulmas\u0131 hedeflenmi\u015ftir. Bu kapsamda &#8211; [&hellip;]<\/p>\n","protected":false},"author":1,"featured_media":0,"parent":0,"menu_order":0,"comment_status":"closed","ping_status":"closed","template":"","meta":{"footnotes":""},"class_list":["post-12453","page","type-page","status-publish","hentry"],"_links":{"self":[{"href":"https:\/\/www.forcebrothers.com\/en\/wp-json\/wp\/v2\/pages\/12453","targetHints":{"allow":["GET"]}}],"collection":[{"href":"https:\/\/www.forcebrothers.com\/en\/wp-json\/wp\/v2\/pages"}],"about":[{"href":"https:\/\/www.forcebrothers.com\/en\/wp-json\/wp\/v2\/types\/page"}],"author":[{"embeddable":true,"href":"https:\/\/www.forcebrothers.com\/en\/wp-json\/wp\/v2\/users\/1"}],"replies":[{"embeddable":true,"href":"https:\/\/www.forcebrothers.com\/en\/wp-json\/wp\/v2\/comments?post=12453"}],"version-history":[{"count":17,"href":"https:\/\/www.forcebrothers.com\/en\/wp-json\/wp\/v2\/pages\/12453\/revisions"}],"predecessor-version":[{"id":14182,"href":"https:\/\/www.forcebrothers.com\/en\/wp-json\/wp\/v2\/pages\/12453\/revisions\/14182"}],"wp:attachment":[{"href":"https:\/\/www.forcebrothers.com\/en\/wp-json\/wp\/v2\/media?parent=12453"}],"curies":[{"name":"wp","href":"https:\/\/api.w.org\/{rel}","templated":true}]}}