{"id":12502,"date":"2023-08-16T10:50:46","date_gmt":"2023-08-16T10:50:46","guid":{"rendered":"https:\/\/www.forcebrothers.com\/?page_id=12502"},"modified":"2023-09-13T10:08:39","modified_gmt":"2023-09-13T10:08:39","slug":"yerel-danismanlar-agi","status":"publish","type":"page","link":"https:\/\/www.forcebrothers.com\/en\/yerel-danismanlar-agi\/","title":{"rendered":"Yerel Dan\u0131\u015fmanlar A\u011f\u0131"},"content":{"rendered":"<div data-elementor-type=\"wp-page\" data-elementor-id=\"12502\" class=\"elementor elementor-12502\" data-elementor-post-type=\"page\">\n\t\t\t\t\t\t<section class=\"elementor-section elementor-top-section elementor-element elementor-element-6b37a97 elementor-section-height-min-height elementor-section-stretched elementor-section-boxed elementor-section-height-default elementor-section-items-middle\" data-id=\"6b37a97\" data-element_type=\"section\" data-e-type=\"section\" data-settings=\"{&quot;stretch_section&quot;:&quot;section-stretched&quot;,&quot;background_background&quot;:&quot;classic&quot;,&quot;shape_divider_bottom&quot;:&quot;curve-asymmetrical&quot;,&quot;shape_divider_bottom_negative&quot;:&quot;yes&quot;,&quot;ashton_ext_is_background_on_scroll&quot;:&quot;false&quot;}\">\n\t\t\t\t\t<div class=\"elementor-shape elementor-shape-bottom\" aria-hidden=\"true\" data-negative=\"true\">\n\t\t\t<svg xmlns=\"http:\/\/www.w3.org\/2000\/svg\" viewbox=\"0 0 1000 100\" preserveaspectratio=\"none\">\n\t<path class=\"elementor-shape-fill\" d=\"M615.2,96.7C240.2,97.8,0,18.9,0,0v100h1000V0C1000,19.2,989.8,96,615.2,96.7z\"\/>\n<\/svg>\t\t<\/div>\n\t\t\t\t\t<div class=\"elementor-container elementor-column-gap-default\">\n\t\t\t\t\t<div class=\"elementor-column elementor-col-50 elementor-top-column elementor-element elementor-element-92db38f\" data-id=\"92db38f\" data-element_type=\"column\" data-e-type=\"column\" data-settings=\"{&quot;ashton_ext_link_sidemenu&quot;:&quot;false&quot;,&quot;ashton_ext_link_fullmenu&quot;:&quot;false&quot;,&quot;ashton_ext_is_sticky&quot;:&quot;false&quot;,&quot;ashton_ext_is_scrollme&quot;:&quot;false&quot;,&quot;ashton_ext_is_parallax_mouse&quot;:&quot;false&quot;,&quot;ashton_ext_is_infinite&quot;:&quot;false&quot;,&quot;ashton_ext_is_fadeout_animation&quot;:&quot;false&quot;}\">\n\t\t\t<div class=\"elementor-widget-wrap elementor-element-populated\">\n\t\t\t\t\t\t<div class=\"elementor-element elementor-element-775d542 elementor-widget elementor-widget-heading\" data-id=\"775d542\" data-element_type=\"widget\" data-e-type=\"widget\" data-settings=\"{&quot;ashton_ext_link_sidemenu&quot;:&quot;false&quot;,&quot;ashton_ext_link_fullmenu&quot;:&quot;false&quot;,&quot;ashton_ext_is_sticky&quot;:&quot;false&quot;,&quot;ashton_ext_is_scrollme&quot;:&quot;false&quot;,&quot;ashton_ext_is_smoove&quot;:&quot;false&quot;,&quot;ashton_ext_is_parallax_mouse&quot;:&quot;false&quot;,&quot;ashton_ext_is_infinite&quot;:&quot;false&quot;,&quot;ashton_ext_is_fadeout_animation&quot;:&quot;false&quot;}\" data-widget_type=\"heading.default\">\n\t\t\t\t\t<h2 class=\"elementor-heading-title elementor-size-default\">Yerel Dan\u0131\u015fmanlar A\u011f\u0131<\/h2>\t\t\t\t<\/div>\n\t\t\t\t<section class=\"elementor-section elementor-inner-section elementor-element elementor-element-dd4bc6e elementor-hidden-phone elementor-section-boxed elementor-section-height-default elementor-section-height-default\" data-id=\"dd4bc6e\" data-element_type=\"section\" data-e-type=\"section\" data-settings=\"{&quot;ashton_ext_is_background_parallax&quot;:&quot;false&quot;,&quot;ashton_ext_is_background_on_scroll&quot;:&quot;false&quot;}\">\n\t\t\t\t\t\t<div class=\"elementor-container elementor-column-gap-default\">\n\t\t\t\t\t<div class=\"elementor-column elementor-col-100 elementor-inner-column elementor-element elementor-element-bdbdc20\" data-id=\"bdbdc20\" data-element_type=\"column\" data-e-type=\"column\" data-settings=\"{&quot;ashton_ext_link_sidemenu&quot;:&quot;false&quot;,&quot;ashton_ext_link_fullmenu&quot;:&quot;false&quot;,&quot;ashton_ext_is_sticky&quot;:&quot;false&quot;,&quot;ashton_ext_is_scrollme&quot;:&quot;false&quot;,&quot;ashton_ext_is_smoove&quot;:&quot;false&quot;,&quot;ashton_ext_is_parallax_mouse&quot;:&quot;false&quot;,&quot;ashton_ext_is_infinite&quot;:&quot;false&quot;,&quot;ashton_ext_is_fadeout_animation&quot;:&quot;false&quot;}\">\n\t\t\t<div class=\"elementor-widget-wrap\">\n\t\t\t\t\t\t\t<\/div>\n\t\t<\/div>\n\t\t\t\t\t<\/div>\n\t\t<\/section>\n\t\t\t\t\t<\/div>\n\t\t<\/div>\n\t\t\t\t<div class=\"elementor-column elementor-col-50 elementor-top-column elementor-element elementor-element-88bfbfd elementor-hidden-phone elementor-hidden-tablet\" data-id=\"88bfbfd\" data-element_type=\"column\" data-e-type=\"column\" data-settings=\"{&quot;ashton_ext_link_sidemenu&quot;:&quot;false&quot;,&quot;ashton_ext_link_fullmenu&quot;:&quot;false&quot;,&quot;ashton_ext_is_sticky&quot;:&quot;false&quot;,&quot;ashton_ext_is_scrollme&quot;:&quot;false&quot;,&quot;ashton_ext_is_smoove&quot;:&quot;false&quot;,&quot;ashton_ext_is_parallax_mouse&quot;:&quot;false&quot;,&quot;ashton_ext_is_infinite&quot;:&quot;false&quot;,&quot;ashton_ext_is_fadeout_animation&quot;:&quot;false&quot;}\">\n\t\t\t<div class=\"elementor-widget-wrap elementor-element-populated\">\n\t\t\t\t\t\t<div class=\"elementor-element elementor-element-8e64b37 elementor-widget elementor-widget-spacer\" data-id=\"8e64b37\" data-element_type=\"widget\" data-e-type=\"widget\" data-settings=\"{&quot;ashton_ext_link_sidemenu&quot;:&quot;false&quot;,&quot;ashton_ext_link_fullmenu&quot;:&quot;false&quot;,&quot;ashton_ext_is_sticky&quot;:&quot;false&quot;,&quot;ashton_ext_is_scrollme&quot;:&quot;false&quot;,&quot;ashton_ext_is_smoove&quot;:&quot;false&quot;,&quot;ashton_ext_is_parallax_mouse&quot;:&quot;false&quot;,&quot;ashton_ext_is_infinite&quot;:&quot;false&quot;,&quot;ashton_ext_is_fadeout_animation&quot;:&quot;false&quot;}\" data-widget_type=\"spacer.default\">\n\t\t\t\t\t\t\t<div class=\"elementor-spacer\">\n\t\t\t<div class=\"elementor-spacer-inner\"><\/div>\n\t\t<\/div>\n\t\t\t\t\t\t<\/div>\n\t\t\t\t\t<\/div>\n\t\t<\/div>\n\t\t\t\t\t<\/div>\n\t\t<\/section>\n\t\t\t\t<section class=\"elementor-section elementor-top-section elementor-element elementor-element-24706da elementor-section-boxed elementor-section-height-default elementor-section-height-default\" data-id=\"24706da\" data-element_type=\"section\" data-e-type=\"section\" data-settings=\"{&quot;ashton_ext_is_background_parallax&quot;:&quot;false&quot;,&quot;ashton_ext_is_background_on_scroll&quot;:&quot;false&quot;}\">\n\t\t\t\t\t\t<div class=\"elementor-container elementor-column-gap-default\">\n\t\t\t\t\t<div class=\"elementor-column elementor-col-100 elementor-top-column elementor-element elementor-element-0e9892a\" data-id=\"0e9892a\" data-element_type=\"column\" data-e-type=\"column\" data-settings=\"{&quot;ashton_ext_link_sidemenu&quot;:&quot;false&quot;,&quot;ashton_ext_link_fullmenu&quot;:&quot;false&quot;,&quot;ashton_ext_is_sticky&quot;:&quot;false&quot;,&quot;ashton_ext_is_scrollme&quot;:&quot;false&quot;,&quot;ashton_ext_is_smoove&quot;:&quot;false&quot;,&quot;ashton_ext_is_parallax_mouse&quot;:&quot;false&quot;,&quot;ashton_ext_is_infinite&quot;:&quot;false&quot;,&quot;ashton_ext_is_fadeout_animation&quot;:&quot;false&quot;}\">\n\t\t\t<div class=\"elementor-widget-wrap elementor-element-populated\">\n\t\t\t\t\t\t<div class=\"elementor-element elementor-element-997e116 elementor-widget elementor-widget-text-editor\" data-id=\"997e116\" data-element_type=\"widget\" data-e-type=\"widget\" data-settings=\"{&quot;ashton_ext_link_sidemenu&quot;:&quot;false&quot;,&quot;ashton_ext_link_fullmenu&quot;:&quot;false&quot;,&quot;ashton_ext_is_sticky&quot;:&quot;false&quot;,&quot;ashton_ext_is_scrollme&quot;:&quot;false&quot;,&quot;ashton_ext_is_parallax_mouse&quot;:&quot;false&quot;,&quot;ashton_ext_is_infinite&quot;:&quot;false&quot;,&quot;ashton_ext_is_fadeout_animation&quot;:&quot;false&quot;}\" data-widget_type=\"text-editor.default\">\n\t\t\t\t\t\t\t\t\t<div class=\"project-content-item\"><div class=\"project-content-item\"><div class=\"project-content-item\"><div class=\"project-content-item\"><div class=\"project-content-item\"><h3>Projenin Amac\u0131<\/h3><p>Yerel Dan\u0131\u015fmanlar A\u011f\u0131 Nedir? T\u00fcrkiye\u2019nin farkl\u0131 b\u00f6lgelerinde kalk\u0131nma alan\u0131nda \u00e7al\u0131\u015fmalar yapan bireysel dan\u0131\u015fmanlar veya yerel dan\u0131\u015fmanl\u0131k \u015firketlerinin nitelikli kalk\u0131nma projeleri i\u00e7in bir araya geldi\u011fi bir i\u015f birli\u011fi ve i\u015f geli\u015ftirme platformudur. Yerel Dan\u0131\u015fmanlar A\u011f\u0131 Neyi Ama\u00e7lar? Nitelikli yerel kalk\u0131nma projeleri ve ekonomik &amp; sosyal ara\u015ft\u0131rmalar konular\u0131nda sunulacak bilgi ve uygulama temelli dan\u0131\u015fmanl\u0131k hizmetlerinde Force &amp; Brothers kurumsal kapasitesi, i\u015f deneyimi, referanslar\u0131, imkanlar\u0131 ve insan k\u0131ymetlerinin yereldeki dan\u0131\u015fmanlara aktar\u0131m\u0131 ama\u00e7lanmaktad\u0131r. B\u00f6ylelikle yerelde hizmet alacak kurumlar i\u00e7in a\u011f\u0131n sa\u011flad\u0131\u011f\u0131 i\u015f birlikleri vas\u0131tas\u0131yla \u00e7ok daha g\u00fc\u00e7l\u00fc bir marka ve kurumsal kapasite sa\u011flamak m\u00fcmk\u00fcn hale gelmektedir. Yerel Dan\u0131\u015fmanlar A\u011f\u0131 \u00fcyelerinin Force &amp; Brothers merkezli i\u015f birlikleri ve i\u015f geli\u015ftirme faaliyetlerinin yan\u0131nda kendi aralar\u0131nda i\u015f birli\u011fi geli\u015ftirmesi de te\u015fvik edilmektedir.<\/p><\/div><div class=\"project-content-item\"><h3>Proje \u00d6zeti<\/h3><p><strong>Kimler Kat\u0131labilir?<\/strong><br \/>T\u00fcrkiye\u2019nin 30 b\u00fcy\u00fck\u015fehrinden birinde \u00e7al\u0131\u015fma y\u00fcr\u00fcten bireysel dan\u0131\u015fmanlar, kalk\u0131nma uzmanlar\u0131 ve yerel dan\u0131\u015fmanl\u0131k \u015firketleri a\u011f\u0131n bir par\u00e7as\u0131 olabilirler.<br \/>A\u011f\u0131n \u00fcyesi olan dan\u0131\u015fmanlarda,<br \/>&#8211;\u00a0\u00a0 \u00a0Ba\u015fvurulan \u015fehirde ikamet ediyor olmak,<br \/>&#8211;\u00a0\u00a0 \u00a0Dan\u0131\u015fmanl\u0131k hizmetlerini bireysel bir meslek veya k\u00fc\u00e7\u00fck \u00f6l\u00e7ekli dan\u0131\u015fmanl\u0131k \u015firketi olarak profesyonel zeminde icra ediyor olmak,\u00a0<br \/>&#8211;\u00a0\u00a0 \u00a0Sosyal veya ekonomik Kalk\u0131nma alan\u0131nda deneyim sahibi olmak ve yerel proje referanslar\u0131 ile bunu kan\u0131tlayabilmek,<br \/>&#8211;\u00a0\u00a0 \u00a0Dan\u0131\u015fmanl\u0131\u011fa yeni ba\u015flayanlar i\u00e7in sosyal veya ekonomik kalk\u0131nma alan\u0131nda g\u00fc\u00e7l\u00fc bir i\u015f tecr\u00fcbesine ve i\u015f geli\u015ftirme motivasyonuna sahip olmak aranmaktad\u0131r.\u00a0<\/p><p>Yerel Dan\u0131\u015fmanlar A\u011f\u0131 Hangi Alanlarda \u00c7al\u0131\u015f\u0131r?<br \/>Birle\u015fmi\u015f Milletler S\u00fcrd\u00fcr\u00fclebilir Kalk\u0131nma Ama\u00e7lar\u0131 oda\u011f\u0131nda sosyal ve ekonomik kalk\u0131nma alan\u0131nda \u00e7al\u0131\u015fmalar y\u00fcr\u00fct\u00fcr. Force&amp;Brothers ve Yerel Dan\u0131\u015fmanlar A\u011f\u0131 \u00fcyeleri kar amac\u0131 g\u00fctmeyen kurulu\u015flara veya kar amac\u0131 g\u00fcden kurulu\u015flar\u0131n kurumsal sosyal sorumluluk projelerine hizmet sa\u011flarlar.<br \/>\u00c7al\u0131\u015fmalar\u0131n odakland\u0131\u011f\u0131 tematik alanlar \u015funlard\u0131r;<br \/>&#8211;\u00a0\u00a0 \u00a0M\u00fclteciler<br \/>&#8211;\u00a0\u00a0 \u00a0Gen\u00e7lik \u00e7al\u0131\u015fmalar\u0131<br \/>&#8211;\u00a0\u00a0 \u00a0Halk sa\u011fl\u0131\u011f\u0131<br \/>&#8211;\u00a0\u00a0 \u00a0Toplumsal cinsiyet ve kad\u0131n \u00e7al\u0131\u015fmalar\u0131<br \/>&#8211;\u00a0\u00a0 \u00a0D\u00f6ng\u00fcsel ekonomi ve s\u00fcrd\u00fcr\u00fclebilirlik\u00a0<br \/>&#8211;\u00a0\u00a0 \u00a0Giri\u015fimcilik<br \/>&#8211;\u00a0\u00a0 \u00a0Sosyal pazarlama ve ileti\u015fim<br \/>Ayr\u0131ca kurumsal geli\u015fim ve sosyal &amp; ekonomik ara\u015ft\u0131rmalar temas\u0131nda a\u015fa\u011f\u0131daki konular \u00e7al\u0131\u015fma alanlar\u0131 i\u00e7indedir:<br \/>&#8211;\u00a0\u00a0 \u00a0Program ve proje izleme &amp; de\u011ferlendirme hizmetleri<br \/>&#8211;\u00a0\u00a0 \u00a0Fizibilite et\u00fctleri<br \/>&#8211;\u00a0\u00a0 \u00a0B\u00fcy\u00fck \u00f6l\u00e7ekli proje geli\u015ftirme hizmetleri<br \/>&#8211;\u00a0\u00a0 \u00a0Sekt\u00f6rel ara\u015ft\u0131rmalar<br \/>&#8211;\u00a0\u00a0 \u00a0Sosyal etki analizleri<br \/>&#8211;\u00a0\u00a0 \u00a0Kurumsal geli\u015fim ve sistemler<\/p><p><strong>Nas\u0131l Ba\u015fvurabilirim?<\/strong><br \/>Force&amp;Brothers Yerel Dan\u0131\u015fmanlar A\u011f\u0131n\u0131n Linked\u2019in ilan\u0131na bireysel ba\u015fvuru yapabilirsiniz.\u00a0<br \/>\u015eirket ba\u015fvurular\u0131n\u0131z i\u00e7in \u015firket lider dan\u0131\u015fman\u0131n\u0131n \u00f6z ge\u00e7mi\u015fi ve kurulu\u015funuzu anlatan k\u0131sa bir dok\u00fcman veya sunum ile info@forcebrothers.com adresine mail g\u00f6nderebilirsiniz.\u00a0<br \/>Force &amp; Brothers dan\u0131\u015fmanlar a\u011f\u0131na kat\u0131lmak i\u00e7in\u00a0<a href=\"http:\/\/yereldanismanlar.com\/\">t\u0131klay\u0131n\u0131z.<\/a><\/p><\/div><\/div><\/div><\/div><\/div>\t\t\t\t\t\t\t\t<\/div>\n\t\t\t\t\t<\/div>\n\t\t<\/div>\n\t\t\t\t\t<\/div>\n\t\t<\/section>\n\t\t\t\t<\/div>","protected":false},"excerpt":{"rendered":"<p>Yerel Dan\u0131\u015fmanlar A\u011f\u0131 Projenin Amac\u0131 Yerel Dan\u0131\u015fmanlar A\u011f\u0131 Nedir? T\u00fcrkiye\u2019nin farkl\u0131 b\u00f6lgelerinde kalk\u0131nma alan\u0131nda \u00e7al\u0131\u015fmalar yapan bireysel dan\u0131\u015fmanlar veya yerel dan\u0131\u015fmanl\u0131k \u015firketlerinin nitelikli kalk\u0131nma projeleri i\u00e7in bir araya geldi\u011fi bir i\u015f birli\u011fi ve i\u015f geli\u015ftirme platformudur. Yerel Dan\u0131\u015fmanlar A\u011f\u0131 Neyi [&hellip;]<\/p>\n","protected":false},"author":1,"featured_media":0,"parent":0,"menu_order":0,"comment_status":"closed","ping_status":"closed","template":"","meta":{"footnotes":""},"class_list":["post-12502","page","type-page","status-publish","hentry"],"_links":{"self":[{"href":"https:\/\/www.forcebrothers.com\/en\/wp-json\/wp\/v2\/pages\/12502","targetHints":{"allow":["GET"]}}],"collection":[{"href":"https:\/\/www.forcebrothers.com\/en\/wp-json\/wp\/v2\/pages"}],"about":[{"href":"https:\/\/www.forcebrothers.com\/en\/wp-json\/wp\/v2\/types\/page"}],"author":[{"embeddable":true,"href":"https:\/\/www.forcebrothers.com\/en\/wp-json\/wp\/v2\/users\/1"}],"replies":[{"embeddable":true,"href":"https:\/\/www.forcebrothers.com\/en\/wp-json\/wp\/v2\/comments?post=12502"}],"version-history":[{"count":11,"href":"https:\/\/www.forcebrothers.com\/en\/wp-json\/wp\/v2\/pages\/12502\/revisions"}],"predecessor-version":[{"id":12965,"href":"https:\/\/www.forcebrothers.com\/en\/wp-json\/wp\/v2\/pages\/12502\/revisions\/12965"}],"wp:attachment":[{"href":"https:\/\/www.forcebrothers.com\/en\/wp-json\/wp\/v2\/media?parent=12502"}],"curies":[{"name":"wp","href":"https:\/\/api.w.org\/{rel}","templated":true}]}}