{"id":14833,"date":"2026-02-02T07:25:08","date_gmt":"2026-02-02T07:25:08","guid":{"rendered":"https:\/\/www.forcebrothers.com\/?page_id=14833"},"modified":"2026-02-02T07:26:28","modified_gmt":"2026-02-02T07:26:28","slug":"yapay-zekada-kadin-projesi","status":"publish","type":"page","link":"https:\/\/www.forcebrothers.com\/en\/yapay-zekada-kadin-projesi\/","title":{"rendered":"Yapay Zek\u00e2da Kad\u0131n Projesi"},"content":{"rendered":"<div data-elementor-type=\"wp-page\" data-elementor-id=\"14833\" class=\"elementor elementor-14833\" data-elementor-post-type=\"page\">\n\t\t\t\t\t\t<section class=\"elementor-section elementor-top-section elementor-element elementor-element-6b37a97 elementor-section-height-min-height elementor-section-stretched elementor-section-boxed elementor-section-height-default elementor-section-items-middle\" data-id=\"6b37a97\" data-element_type=\"section\" data-e-type=\"section\" data-settings=\"{&quot;stretch_section&quot;:&quot;section-stretched&quot;,&quot;background_background&quot;:&quot;classic&quot;,&quot;shape_divider_bottom&quot;:&quot;curve-asymmetrical&quot;,&quot;shape_divider_bottom_negative&quot;:&quot;yes&quot;,&quot;ashton_ext_is_background_on_scroll&quot;:&quot;false&quot;}\">\n\t\t\t\t\t<div class=\"elementor-shape elementor-shape-bottom\" aria-hidden=\"true\" data-negative=\"true\">\n\t\t\t<svg xmlns=\"http:\/\/www.w3.org\/2000\/svg\" viewbox=\"0 0 1000 100\" preserveaspectratio=\"none\">\n\t<path class=\"elementor-shape-fill\" d=\"M615.2,96.7C240.2,97.8,0,18.9,0,0v100h1000V0C1000,19.2,989.8,96,615.2,96.7z\"\/>\n<\/svg>\t\t<\/div>\n\t\t\t\t\t<div class=\"elementor-container elementor-column-gap-default\">\n\t\t\t\t\t<div class=\"elementor-column elementor-col-50 elementor-top-column elementor-element elementor-element-92db38f\" data-id=\"92db38f\" data-element_type=\"column\" data-e-type=\"column\" data-settings=\"{&quot;ashton_ext_link_sidemenu&quot;:&quot;false&quot;,&quot;ashton_ext_link_fullmenu&quot;:&quot;false&quot;,&quot;ashton_ext_is_sticky&quot;:&quot;false&quot;,&quot;ashton_ext_is_scrollme&quot;:&quot;false&quot;,&quot;ashton_ext_is_parallax_mouse&quot;:&quot;false&quot;,&quot;ashton_ext_is_infinite&quot;:&quot;false&quot;,&quot;ashton_ext_is_fadeout_animation&quot;:&quot;false&quot;}\">\n\t\t\t<div class=\"elementor-widget-wrap elementor-element-populated\">\n\t\t\t\t\t\t<div class=\"elementor-element elementor-element-775d542 elementor-widget elementor-widget-heading\" data-id=\"775d542\" data-element_type=\"widget\" data-e-type=\"widget\" data-settings=\"{&quot;ashton_ext_link_sidemenu&quot;:&quot;false&quot;,&quot;ashton_ext_link_fullmenu&quot;:&quot;false&quot;,&quot;ashton_ext_is_sticky&quot;:&quot;false&quot;,&quot;ashton_ext_is_scrollme&quot;:&quot;false&quot;,&quot;ashton_ext_is_smoove&quot;:&quot;false&quot;,&quot;ashton_ext_is_parallax_mouse&quot;:&quot;false&quot;,&quot;ashton_ext_is_infinite&quot;:&quot;false&quot;,&quot;ashton_ext_is_fadeout_animation&quot;:&quot;false&quot;}\" data-widget_type=\"heading.default\">\n\t\t\t\t\t<h2 class=\"elementor-heading-title elementor-size-default\">Yapay Zek\u00e2da Kad\u0131n Projesi<\/h2>\t\t\t\t<\/div>\n\t\t\t\t<section class=\"elementor-section elementor-inner-section elementor-element elementor-element-dd4bc6e elementor-hidden-phone elementor-section-boxed elementor-section-height-default elementor-section-height-default\" data-id=\"dd4bc6e\" data-element_type=\"section\" data-e-type=\"section\" data-settings=\"{&quot;ashton_ext_is_background_parallax&quot;:&quot;false&quot;,&quot;ashton_ext_is_background_on_scroll&quot;:&quot;false&quot;}\">\n\t\t\t\t\t\t<div class=\"elementor-container elementor-column-gap-default\">\n\t\t\t\t\t<div class=\"elementor-column elementor-col-100 elementor-inner-column elementor-element elementor-element-bdbdc20\" data-id=\"bdbdc20\" data-element_type=\"column\" data-e-type=\"column\" data-settings=\"{&quot;ashton_ext_link_sidemenu&quot;:&quot;false&quot;,&quot;ashton_ext_link_fullmenu&quot;:&quot;false&quot;,&quot;ashton_ext_is_sticky&quot;:&quot;false&quot;,&quot;ashton_ext_is_scrollme&quot;:&quot;false&quot;,&quot;ashton_ext_is_smoove&quot;:&quot;false&quot;,&quot;ashton_ext_is_parallax_mouse&quot;:&quot;false&quot;,&quot;ashton_ext_is_infinite&quot;:&quot;false&quot;,&quot;ashton_ext_is_fadeout_animation&quot;:&quot;false&quot;}\">\n\t\t\t<div class=\"elementor-widget-wrap\">\n\t\t\t\t\t\t\t<\/div>\n\t\t<\/div>\n\t\t\t\t\t<\/div>\n\t\t<\/section>\n\t\t\t\t\t<\/div>\n\t\t<\/div>\n\t\t\t\t<div class=\"elementor-column elementor-col-50 elementor-top-column elementor-element elementor-element-88bfbfd elementor-hidden-phone elementor-hidden-tablet\" data-id=\"88bfbfd\" data-element_type=\"column\" data-e-type=\"column\" data-settings=\"{&quot;ashton_ext_link_sidemenu&quot;:&quot;false&quot;,&quot;ashton_ext_link_fullmenu&quot;:&quot;false&quot;,&quot;ashton_ext_is_sticky&quot;:&quot;false&quot;,&quot;ashton_ext_is_scrollme&quot;:&quot;false&quot;,&quot;ashton_ext_is_smoove&quot;:&quot;false&quot;,&quot;ashton_ext_is_parallax_mouse&quot;:&quot;false&quot;,&quot;ashton_ext_is_infinite&quot;:&quot;false&quot;,&quot;ashton_ext_is_fadeout_animation&quot;:&quot;false&quot;}\">\n\t\t\t<div class=\"elementor-widget-wrap elementor-element-populated\">\n\t\t\t\t\t\t<div class=\"elementor-element elementor-element-8e64b37 elementor-widget elementor-widget-spacer\" data-id=\"8e64b37\" data-element_type=\"widget\" data-e-type=\"widget\" data-settings=\"{&quot;ashton_ext_link_sidemenu&quot;:&quot;false&quot;,&quot;ashton_ext_link_fullmenu&quot;:&quot;false&quot;,&quot;ashton_ext_is_sticky&quot;:&quot;false&quot;,&quot;ashton_ext_is_scrollme&quot;:&quot;false&quot;,&quot;ashton_ext_is_smoove&quot;:&quot;false&quot;,&quot;ashton_ext_is_parallax_mouse&quot;:&quot;false&quot;,&quot;ashton_ext_is_infinite&quot;:&quot;false&quot;,&quot;ashton_ext_is_fadeout_animation&quot;:&quot;false&quot;}\" data-widget_type=\"spacer.default\">\n\t\t\t\t\t\t\t<div class=\"elementor-spacer\">\n\t\t\t<div class=\"elementor-spacer-inner\"><\/div>\n\t\t<\/div>\n\t\t\t\t\t\t<\/div>\n\t\t\t\t\t<\/div>\n\t\t<\/div>\n\t\t\t\t\t<\/div>\n\t\t<\/section>\n\t\t\t\t<section class=\"elementor-section elementor-top-section elementor-element elementor-element-24706da elementor-section-boxed elementor-section-height-default elementor-section-height-default\" data-id=\"24706da\" data-element_type=\"section\" data-e-type=\"section\" data-settings=\"{&quot;ashton_ext_is_background_parallax&quot;:&quot;false&quot;,&quot;ashton_ext_is_background_on_scroll&quot;:&quot;false&quot;}\">\n\t\t\t\t\t\t<div class=\"elementor-container elementor-column-gap-default\">\n\t\t\t\t\t<div class=\"elementor-column elementor-col-66 elementor-top-column elementor-element elementor-element-0e9892a\" data-id=\"0e9892a\" data-element_type=\"column\" data-e-type=\"column\" data-settings=\"{&quot;ashton_ext_link_sidemenu&quot;:&quot;false&quot;,&quot;ashton_ext_link_fullmenu&quot;:&quot;false&quot;,&quot;ashton_ext_is_sticky&quot;:&quot;false&quot;,&quot;ashton_ext_is_scrollme&quot;:&quot;false&quot;,&quot;ashton_ext_is_smoove&quot;:&quot;false&quot;,&quot;ashton_ext_is_parallax_mouse&quot;:&quot;false&quot;,&quot;ashton_ext_is_infinite&quot;:&quot;false&quot;,&quot;ashton_ext_is_fadeout_animation&quot;:&quot;false&quot;}\">\n\t\t\t<div class=\"elementor-widget-wrap elementor-element-populated\">\n\t\t\t\t\t\t<div class=\"elementor-element elementor-element-997e116 elementor-widget elementor-widget-text-editor\" data-id=\"997e116\" data-element_type=\"widget\" data-e-type=\"widget\" data-settings=\"{&quot;ashton_ext_link_sidemenu&quot;:&quot;false&quot;,&quot;ashton_ext_link_fullmenu&quot;:&quot;false&quot;,&quot;ashton_ext_is_sticky&quot;:&quot;false&quot;,&quot;ashton_ext_is_scrollme&quot;:&quot;false&quot;,&quot;ashton_ext_is_parallax_mouse&quot;:&quot;false&quot;,&quot;ashton_ext_is_infinite&quot;:&quot;false&quot;,&quot;ashton_ext_is_fadeout_animation&quot;:&quot;false&quot;}\" data-widget_type=\"text-editor.default\">\n\t\t\t\t\t\t\t\t\t<div class=\"project-content-item\"><div class=\"project-content-item\"><div class=\"project-content-item\"><div class=\"project-content-item\"><div class=\"project-content-item\"><div class=\"project-content-item\"><div class=\"project-content-item\"><p class=\"228bf8a64b8551e1MsoNormal\">Kad\u0131nlar\u0131n yapay zek\u00e2 ve veri bilimi alanlar\u0131nda nitelikli beceriler kazanmas\u0131n\u0131 ve teknoloji ekosistemine daha g\u00fc\u00e7l\u00fc bi\u00e7imde d\u00e2hil olmas\u0131n\u0131 hedefleyen Yapay Zek\u00e2da Kad\u0131n Projesi, b\u00fct\u00fcnc\u00fcl bir kapasite geli\u015ftirme modeli \u00fczerine kurgulanm\u0131\u015ft\u0131r.<\/p><p class=\"228bf8a64b8551e1MsoNormal\">Kad\u0131n ve Demokrasi Vakf\u0131 (KADEM) y\u00fcr\u00fct\u00fcc\u00fcl\u00fc\u011f\u00fcnde hayata ge\u00e7irilen Yapay Zek\u00e2da Kad\u0131n projesi, \u0130stanbul Kalk\u0131nma Ajans\u0131 Yapay Zek\u00e2 Teknolojileri Mali Destek Program\u0131 (\u0130STKA MDP) kapsam\u0131nda destek almaya hak kazanm\u0131\u015ft\u0131r. Projenin ba\u015fvuru s\u00fcreci ve proje kurgusu KADEM ad\u0131na Force &amp; Brothers taraf\u0131ndan haz\u0131rlanm\u0131\u015ft\u0131r.<\/p><p class=\"228bf8a64b8551e1MsoNormal\">Proje kapsam\u0131nda, kad\u0131nlar\u0131n yapay zek\u00e2 ve veri bilimi alanlar\u0131nda nitelikli beceriler kazanmas\u0131n\u0131 destekleyen; e\u011fitim, istihdam ve giri\u015fimcilik bile\u015fenlerini bir arada ele alan b\u00fct\u00fcnc\u00fcl bir kapasite geli\u015ftirme modeli hayata ge\u00e7irilmi\u015ftir. Yapay zek\u00e2 odakl\u0131 e\u011fitim programlar\u0131, dijital yetkinlik de\u011ferlendirme ara\u00e7lar\u0131, uygulamal\u0131 at\u00f6lye \u00e7al\u0131\u015fmalar\u0131, ideathon ve hackathon etkinlikleri ile mentorluk ve kariyer destekleri, kad\u0131nlar\u0131n teknoloji ekosistemine s\u00fcrd\u00fcr\u00fclebilir bi\u00e7imde d\u00e2hil olmas\u0131n\u0131 hedefleyecek \u015fekilde kurgulanm\u0131\u015ft\u0131r.<\/p><\/div><\/div><\/div><\/div><\/div><\/div><\/div>\t\t\t\t\t\t\t\t<\/div>\n\t\t\t\t\t<\/div>\n\t\t<\/div>\n\t\t\t\t<div class=\"elementor-column elementor-col-33 elementor-top-column elementor-element elementor-element-1cb6191\" data-id=\"1cb6191\" data-element_type=\"column\" data-e-type=\"column\" data-settings=\"{&quot;ashton_ext_is_sticky&quot;:&quot;true&quot;,&quot;ashton_ext_link_sidemenu&quot;:&quot;false&quot;,&quot;ashton_ext_link_fullmenu&quot;:&quot;false&quot;,&quot;ashton_ext_sticky_top_spacing&quot;:{&quot;unit&quot;:&quot;px&quot;,&quot;size&quot;:100,&quot;sizes&quot;:[]},&quot;ashton_ext_is_scrollme&quot;:&quot;false&quot;,&quot;ashton_ext_is_smoove&quot;:&quot;false&quot;,&quot;ashton_ext_is_parallax_mouse&quot;:&quot;false&quot;,&quot;ashton_ext_is_infinite&quot;:&quot;false&quot;,&quot;ashton_ext_is_fadeout_animation&quot;:&quot;false&quot;}\">\n\t\t\t<div class=\"elementor-widget-wrap elementor-element-populated\">\n\t\t\t\t\t\t<div class=\"elementor-element elementor-element-85ab4d1 elementor-widget elementor-widget-heading\" data-id=\"85ab4d1\" data-element_type=\"widget\" data-e-type=\"widget\" data-settings=\"{&quot;ashton_ext_link_sidemenu&quot;:&quot;false&quot;,&quot;ashton_ext_link_fullmenu&quot;:&quot;false&quot;,&quot;ashton_ext_is_sticky&quot;:&quot;false&quot;,&quot;ashton_ext_is_scrollme&quot;:&quot;false&quot;,&quot;ashton_ext_is_smoove&quot;:&quot;false&quot;,&quot;ashton_ext_is_parallax_mouse&quot;:&quot;false&quot;,&quot;ashton_ext_is_infinite&quot;:&quot;false&quot;,&quot;ashton_ext_is_fadeout_animation&quot;:&quot;false&quot;}\" data-widget_type=\"heading.default\">\n\t\t\t\t\t<h2 class=\"elementor-heading-title elementor-size-default\">LABELS<\/h2>\t\t\t\t<\/div>\n\t\t\t\t<div class=\"elementor-element elementor-element-308f342 elementor-widget elementor-widget-text-editor\" data-id=\"308f342\" data-element_type=\"widget\" data-e-type=\"widget\" data-settings=\"{&quot;ashton_ext_link_sidemenu&quot;:&quot;false&quot;,&quot;ashton_ext_link_fullmenu&quot;:&quot;false&quot;,&quot;ashton_ext_is_sticky&quot;:&quot;false&quot;,&quot;ashton_ext_is_scrollme&quot;:&quot;false&quot;,&quot;ashton_ext_is_smoove&quot;:&quot;false&quot;,&quot;ashton_ext_is_parallax_mouse&quot;:&quot;false&quot;,&quot;ashton_ext_is_infinite&quot;:&quot;false&quot;,&quot;ashton_ext_is_fadeout_animation&quot;:&quot;false&quot;}\" data-widget_type=\"text-editor.default\">\n\t\t\t\t\t\t\t\t\t<div class=\"project-related-item\"><div class=\"project-related-item\"><div class=\"project-related-item\"><div class=\"project-related-item\"><div class=\"project-related-item\"><div class=\"project-related-item\"><div class=\"project-related-item\"><div class=\"project-related-item\"><p class=\"228bf8a64b8551e1MsoNormal\">Yapay Zek\u00e2 ve Dijital D\u00f6n\u00fc\u015f\u00fcm<br \/>Kad\u0131n \u0130stihdam\u0131 ve Yetkinlik Geli\u015ftirme<br \/>E\u011fitim Programlar\u0131 Tasar\u0131m\u0131<br \/>Giri\u015fimcilik ve \u0130novasyon<br \/>Kamu Destekli Proje Geli\u015ftirme<\/p><\/div><\/div><\/div><\/div><\/div><\/div><\/div><\/div>\t\t\t\t\t\t\t\t<\/div>\n\t\t\t\t\t<\/div>\n\t\t<\/div>\n\t\t\t\t\t<\/div>\n\t\t<\/section>\n\t\t\t\t<\/div>","protected":false},"excerpt":{"rendered":"<p>Yapay Zek\u00e2da Kad\u0131n Projesi Kad\u0131nlar\u0131n yapay zek\u00e2 ve veri bilimi alanlar\u0131nda nitelikli beceriler kazanmas\u0131n\u0131 ve teknoloji ekosistemine daha g\u00fc\u00e7l\u00fc bi\u00e7imde d\u00e2hil olmas\u0131n\u0131 hedefleyen Yapay Zek\u00e2da Kad\u0131n Projesi, b\u00fct\u00fcnc\u00fcl bir kapasite geli\u015ftirme modeli \u00fczerine kurgulanm\u0131\u015ft\u0131r. Kad\u0131n ve Demokrasi Vakf\u0131 (KADEM) y\u00fcr\u00fct\u00fcc\u00fcl\u00fc\u011f\u00fcnde [&hellip;]<\/p>\n","protected":false},"author":1,"featured_media":0,"parent":0,"menu_order":0,"comment_status":"closed","ping_status":"closed","template":"","meta":{"footnotes":""},"class_list":["post-14833","page","type-page","status-publish","hentry"],"_links":{"self":[{"href":"https:\/\/www.forcebrothers.com\/en\/wp-json\/wp\/v2\/pages\/14833","targetHints":{"allow":["GET"]}}],"collection":[{"href":"https:\/\/www.forcebrothers.com\/en\/wp-json\/wp\/v2\/pages"}],"about":[{"href":"https:\/\/www.forcebrothers.com\/en\/wp-json\/wp\/v2\/types\/page"}],"author":[{"embeddable":true,"href":"https:\/\/www.forcebrothers.com\/en\/wp-json\/wp\/v2\/users\/1"}],"replies":[{"embeddable":true,"href":"https:\/\/www.forcebrothers.com\/en\/wp-json\/wp\/v2\/comments?post=14833"}],"version-history":[{"count":4,"href":"https:\/\/www.forcebrothers.com\/en\/wp-json\/wp\/v2\/pages\/14833\/revisions"}],"predecessor-version":[{"id":14837,"href":"https:\/\/www.forcebrothers.com\/en\/wp-json\/wp\/v2\/pages\/14833\/revisions\/14837"}],"wp:attachment":[{"href":"https:\/\/www.forcebrothers.com\/en\/wp-json\/wp\/v2\/media?parent=14833"}],"curies":[{"name":"wp","href":"https:\/\/api.w.org\/{rel}","templated":true}]}}