{"id":14838,"date":"2026-02-02T07:27:34","date_gmt":"2026-02-02T07:27:34","guid":{"rendered":"https:\/\/www.forcebrothers.com\/?page_id=14838"},"modified":"2026-02-02T07:28:33","modified_gmt":"2026-02-02T07:28:33","slug":"turkiye-kimya-ajansi-on-fizibilite-ve-ihtiyac-analizi-calismasi","status":"publish","type":"page","link":"https:\/\/www.forcebrothers.com\/en\/turkiye-kimya-ajansi-on-fizibilite-ve-ihtiyac-analizi-calismasi\/","title":{"rendered":"T\u00fcrkiye Kimya Ajans\u0131 \u00d6n Fizibilite ve \u0130htiya\u00e7 Analizi \u00c7al\u0131\u015fmas\u0131"},"content":{"rendered":"<div data-elementor-type=\"wp-page\" data-elementor-id=\"14838\" class=\"elementor elementor-14838\" data-elementor-post-type=\"page\">\n\t\t\t\t\t\t<section class=\"elementor-section elementor-top-section elementor-element elementor-element-6b37a97 elementor-section-height-min-height elementor-section-stretched elementor-section-boxed elementor-section-height-default elementor-section-items-middle\" data-id=\"6b37a97\" data-element_type=\"section\" data-e-type=\"section\" data-settings=\"{&quot;stretch_section&quot;:&quot;section-stretched&quot;,&quot;background_background&quot;:&quot;classic&quot;,&quot;shape_divider_bottom&quot;:&quot;curve-asymmetrical&quot;,&quot;shape_divider_bottom_negative&quot;:&quot;yes&quot;,&quot;ashton_ext_is_background_on_scroll&quot;:&quot;false&quot;}\">\n\t\t\t\t\t<div class=\"elementor-shape elementor-shape-bottom\" aria-hidden=\"true\" data-negative=\"true\">\n\t\t\t<svg xmlns=\"http:\/\/www.w3.org\/2000\/svg\" viewbox=\"0 0 1000 100\" preserveaspectratio=\"none\">\n\t<path class=\"elementor-shape-fill\" d=\"M615.2,96.7C240.2,97.8,0,18.9,0,0v100h1000V0C1000,19.2,989.8,96,615.2,96.7z\"\/>\n<\/svg>\t\t<\/div>\n\t\t\t\t\t<div class=\"elementor-container elementor-column-gap-default\">\n\t\t\t\t\t<div class=\"elementor-column elementor-col-50 elementor-top-column elementor-element elementor-element-92db38f\" data-id=\"92db38f\" data-element_type=\"column\" data-e-type=\"column\" data-settings=\"{&quot;ashton_ext_link_sidemenu&quot;:&quot;false&quot;,&quot;ashton_ext_link_fullmenu&quot;:&quot;false&quot;,&quot;ashton_ext_is_sticky&quot;:&quot;false&quot;,&quot;ashton_ext_is_scrollme&quot;:&quot;false&quot;,&quot;ashton_ext_is_parallax_mouse&quot;:&quot;false&quot;,&quot;ashton_ext_is_infinite&quot;:&quot;false&quot;,&quot;ashton_ext_is_fadeout_animation&quot;:&quot;false&quot;}\">\n\t\t\t<div class=\"elementor-widget-wrap elementor-element-populated\">\n\t\t\t\t\t\t<div class=\"elementor-element elementor-element-775d542 elementor-widget elementor-widget-heading\" data-id=\"775d542\" data-element_type=\"widget\" data-e-type=\"widget\" data-settings=\"{&quot;ashton_ext_link_sidemenu&quot;:&quot;false&quot;,&quot;ashton_ext_link_fullmenu&quot;:&quot;false&quot;,&quot;ashton_ext_is_sticky&quot;:&quot;false&quot;,&quot;ashton_ext_is_scrollme&quot;:&quot;false&quot;,&quot;ashton_ext_is_smoove&quot;:&quot;false&quot;,&quot;ashton_ext_is_parallax_mouse&quot;:&quot;false&quot;,&quot;ashton_ext_is_infinite&quot;:&quot;false&quot;,&quot;ashton_ext_is_fadeout_animation&quot;:&quot;false&quot;}\" data-widget_type=\"heading.default\">\n\t\t\t\t\t<h2 class=\"elementor-heading-title elementor-size-default\">T\u00fcrkiye Kimya Ajans\u0131 \u00d6n Fizibilite ve \u0130htiya\u00e7 Analizi \u00c7al\u0131\u015fmas\u0131<\/h2>\t\t\t\t<\/div>\n\t\t\t\t<section class=\"elementor-section elementor-inner-section elementor-element elementor-element-dd4bc6e elementor-hidden-phone elementor-section-boxed elementor-section-height-default elementor-section-height-default\" data-id=\"dd4bc6e\" data-element_type=\"section\" data-e-type=\"section\" data-settings=\"{&quot;ashton_ext_is_background_parallax&quot;:&quot;false&quot;,&quot;ashton_ext_is_background_on_scroll&quot;:&quot;false&quot;}\">\n\t\t\t\t\t\t<div class=\"elementor-container elementor-column-gap-default\">\n\t\t\t\t\t<div class=\"elementor-column elementor-col-100 elementor-inner-column elementor-element elementor-element-bdbdc20\" data-id=\"bdbdc20\" data-element_type=\"column\" data-e-type=\"column\" data-settings=\"{&quot;ashton_ext_link_sidemenu&quot;:&quot;false&quot;,&quot;ashton_ext_link_fullmenu&quot;:&quot;false&quot;,&quot;ashton_ext_is_sticky&quot;:&quot;false&quot;,&quot;ashton_ext_is_scrollme&quot;:&quot;false&quot;,&quot;ashton_ext_is_smoove&quot;:&quot;false&quot;,&quot;ashton_ext_is_parallax_mouse&quot;:&quot;false&quot;,&quot;ashton_ext_is_infinite&quot;:&quot;false&quot;,&quot;ashton_ext_is_fadeout_animation&quot;:&quot;false&quot;}\">\n\t\t\t<div class=\"elementor-widget-wrap\">\n\t\t\t\t\t\t\t<\/div>\n\t\t<\/div>\n\t\t\t\t\t<\/div>\n\t\t<\/section>\n\t\t\t\t\t<\/div>\n\t\t<\/div>\n\t\t\t\t<div class=\"elementor-column elementor-col-50 elementor-top-column elementor-element elementor-element-88bfbfd elementor-hidden-phone elementor-hidden-tablet\" data-id=\"88bfbfd\" data-element_type=\"column\" data-e-type=\"column\" data-settings=\"{&quot;ashton_ext_link_sidemenu&quot;:&quot;false&quot;,&quot;ashton_ext_link_fullmenu&quot;:&quot;false&quot;,&quot;ashton_ext_is_sticky&quot;:&quot;false&quot;,&quot;ashton_ext_is_scrollme&quot;:&quot;false&quot;,&quot;ashton_ext_is_smoove&quot;:&quot;false&quot;,&quot;ashton_ext_is_parallax_mouse&quot;:&quot;false&quot;,&quot;ashton_ext_is_infinite&quot;:&quot;false&quot;,&quot;ashton_ext_is_fadeout_animation&quot;:&quot;false&quot;}\">\n\t\t\t<div class=\"elementor-widget-wrap elementor-element-populated\">\n\t\t\t\t\t\t<div class=\"elementor-element elementor-element-8e64b37 elementor-widget elementor-widget-spacer\" data-id=\"8e64b37\" data-element_type=\"widget\" data-e-type=\"widget\" data-settings=\"{&quot;ashton_ext_link_sidemenu&quot;:&quot;false&quot;,&quot;ashton_ext_link_fullmenu&quot;:&quot;false&quot;,&quot;ashton_ext_is_sticky&quot;:&quot;false&quot;,&quot;ashton_ext_is_scrollme&quot;:&quot;false&quot;,&quot;ashton_ext_is_smoove&quot;:&quot;false&quot;,&quot;ashton_ext_is_parallax_mouse&quot;:&quot;false&quot;,&quot;ashton_ext_is_infinite&quot;:&quot;false&quot;,&quot;ashton_ext_is_fadeout_animation&quot;:&quot;false&quot;}\" data-widget_type=\"spacer.default\">\n\t\t\t\t\t\t\t<div class=\"elementor-spacer\">\n\t\t\t<div class=\"elementor-spacer-inner\"><\/div>\n\t\t<\/div>\n\t\t\t\t\t\t<\/div>\n\t\t\t\t\t<\/div>\n\t\t<\/div>\n\t\t\t\t\t<\/div>\n\t\t<\/section>\n\t\t\t\t<section class=\"elementor-section elementor-top-section elementor-element elementor-element-24706da elementor-section-boxed elementor-section-height-default elementor-section-height-default\" data-id=\"24706da\" data-element_type=\"section\" data-e-type=\"section\" data-settings=\"{&quot;ashton_ext_is_background_parallax&quot;:&quot;false&quot;,&quot;ashton_ext_is_background_on_scroll&quot;:&quot;false&quot;}\">\n\t\t\t\t\t\t<div class=\"elementor-container elementor-column-gap-default\">\n\t\t\t\t\t<div class=\"elementor-column elementor-col-66 elementor-top-column elementor-element elementor-element-0e9892a\" data-id=\"0e9892a\" data-element_type=\"column\" data-e-type=\"column\" data-settings=\"{&quot;ashton_ext_link_sidemenu&quot;:&quot;false&quot;,&quot;ashton_ext_link_fullmenu&quot;:&quot;false&quot;,&quot;ashton_ext_is_sticky&quot;:&quot;false&quot;,&quot;ashton_ext_is_scrollme&quot;:&quot;false&quot;,&quot;ashton_ext_is_smoove&quot;:&quot;false&quot;,&quot;ashton_ext_is_parallax_mouse&quot;:&quot;false&quot;,&quot;ashton_ext_is_infinite&quot;:&quot;false&quot;,&quot;ashton_ext_is_fadeout_animation&quot;:&quot;false&quot;}\">\n\t\t\t<div class=\"elementor-widget-wrap elementor-element-populated\">\n\t\t\t\t\t\t<div class=\"elementor-element elementor-element-997e116 elementor-widget elementor-widget-text-editor\" data-id=\"997e116\" data-element_type=\"widget\" data-e-type=\"widget\" data-settings=\"{&quot;ashton_ext_link_sidemenu&quot;:&quot;false&quot;,&quot;ashton_ext_link_fullmenu&quot;:&quot;false&quot;,&quot;ashton_ext_is_sticky&quot;:&quot;false&quot;,&quot;ashton_ext_is_scrollme&quot;:&quot;false&quot;,&quot;ashton_ext_is_parallax_mouse&quot;:&quot;false&quot;,&quot;ashton_ext_is_infinite&quot;:&quot;false&quot;,&quot;ashton_ext_is_fadeout_animation&quot;:&quot;false&quot;}\" data-widget_type=\"text-editor.default\">\n\t\t\t\t\t\t\t\t\t<div class=\"project-content-item\"><div class=\"project-content-item\"><div class=\"project-content-item\"><div class=\"project-content-item\"><div class=\"project-content-item\"><div class=\"project-content-item\"><div class=\"project-content-item\"><p class=\"228bf8a64b8551e1MsoNormal\">T\u00fcrkiye kimya sekt\u00f6r\u00fc, sanayinin neredeyse t\u00fcm alanlar\u0131na girdi sa\u011flayan stratejik bir konuma sahip olmas\u0131na ra\u011fmen, kurumsal yap\u0131s\u0131 uzun y\u0131llar boyunca par\u00e7al\u0131 bir bi\u00e7imde \u015fekillenmi\u015ftir. Bu proje, sekt\u00f6r\u00fcn uzun vadeli d\u00f6n\u00fc\u015f\u00fcm\u00fcn\u00fc destekleyecek daha b\u00fct\u00fcnc\u00fcl, daha \u00f6ng\u00f6r\u00fcl\u00fc ve daha g\u00fc\u00e7l\u00fc bir kurumsal \u00e7er\u00e7evenin nas\u0131l kurgulanabilece\u011fi sorusundan hareketle tasarlanm\u0131\u015ft\u0131r. \u0130stanbul Kimyevi Maddeler ve Mamulleri \u0130hracat\u00e7\u0131lar\u0131 Birli\u011fi (\u0130KM\u0130B) koordinasyonunda y\u00fcr\u00fct\u00fclen \u00e7al\u0131\u015fma, Force &amp; Brothers taraf\u0131ndan geli\u015ftirilen \u00e7ok katmanl\u0131 bir \u00f6n fizibilite yakla\u015f\u0131m\u0131na dayanmaktad\u0131r. Projenin oda\u011f\u0131nda, mevcut yap\u0131lar\u0131 tan\u0131mlamaktan \u00f6te, sekt\u00f6rel ihtiya\u00e7lar\u0131 do\u011fru okuyan, k\u00fcresel dinamiklerle uyumlu ve uzun vadeli karar alma kapasitesi \u00fcretebilen bir kurumsal tasar\u0131m zemini olu\u015fturmak yer alm\u0131\u015ft\u0131r. Bu kapsamda, Amerika Birle\u015fik Devletleri\u2019nden Avrupa Birli\u011fi\u2019ne, Asya\u2019dan Latin Amerika\u2019ya uzanan 13 \u00fclke \u00f6rne\u011fi incelenmi\u015ftir. Kimya alan\u0131ndaki kurumsal akt\u00f6rlerin konumlan\u0131\u015f\u0131, \u00fcstlendikleri fonksiyonlar ve sekt\u00f6r\u00fcn d\u00f6n\u00fc\u015f\u00fcm\u00fcne etkileri kar\u015f\u0131la\u015ft\u0131rmal\u0131 bir bak\u0131\u015fla ele al\u0131nm\u0131\u015ft\u0131r. Uluslararas\u0131 deneyimler, T\u00fcrkiye i\u00e7in do\u011frudan kopyalanacak modeller olarak de\u011fil; karar alma s\u00fcre\u00e7lerini besleyen stratejik referanslar olarak de\u011ferlendirilmi\u015ftir. Kar\u015f\u0131la\u015ft\u0131rmal\u0131 analizlere paralel olarak akademi, sivil toplum ve kamu temsilcileriyle y\u00fcr\u00fct\u00fclen g\u00f6r\u00fc\u015fmeler, sekt\u00f6rdeki ortak ihtiya\u00e7 alanlar\u0131n\u0131 g\u00f6r\u00fcn\u00fcr k\u0131lm\u0131\u015ft\u0131r. Kurumsal da\u011f\u0131n\u0131kl\u0131k, veri altyap\u0131s\u0131ndaki eksiklikler, mevzuat uyum s\u00fcre\u00e7lerindeki kopukluklar ve Ar-Ge koordinasyonunun s\u0131n\u0131rl\u0131 kalmas\u0131 bu s\u00fcrecin \u00f6ne \u00e7\u0131kan ba\u015fl\u0131klar\u0131 aras\u0131nda yer alm\u0131\u015ft\u0131r.<\/p><p class=\"228bf8a64b8551e1MsoNormal\">Bu \u00e7ok katmanl\u0131 analiz s\u00fcreci, Ortak Ak\u0131l \u00c7al\u0131\u015ftay\u0131 arac\u0131l\u0131\u011f\u0131yla kolektif bir de\u011ferlendirme zeminine ta\u015f\u0131nm\u0131\u015ft\u0131r. \u00c7al\u0131\u015ftay, sekt\u00f6r\u00fcn \u00f6nceliklerini birlikte tan\u0131mlamay\u0131, karar alanlar\u0131n\u0131 netle\u015ftirmeyi ve farkl\u0131 kurumsal se\u00e7enekleri somut bi\u00e7imde tart\u0131\u015fmay\u0131 m\u00fcmk\u00fcn k\u0131lm\u0131\u015ft\u0131r. S\u00fcre\u00e7 sonunda sekt\u00f6r\u00fcn en kritik be\u015f yap\u0131sal ihtiyac\u0131 belirlenmi\u015f; bu ihtiya\u00e7lar do\u011frultusunda \u00fc\u00e7 alternatif kurumsal y\u00f6neti\u015fim modeli geli\u015ftirilmi\u015ftir. Proje \u00e7\u0131kt\u0131lar\u0131, tek bir kurumsal \u00f6neriye odaklanmak yerine, T\u00fcrkiye kimya sekt\u00f6r\u00fcn\u00fcn gelece\u011fine ili\u015fkin stratejik tercih alanlar\u0131n\u0131 g\u00f6r\u00fcn\u00fcr k\u0131lan bir \u00e7er\u00e7eve sunmaktad\u0131r. Bu \u00e7er\u00e7eve, detayl\u0131 fizibilite ve kurumsal tasar\u0131m a\u015famalar\u0131na y\u00f6n verecek g\u00fc\u00e7l\u00fc bir referans niteli\u011fi ta\u015f\u0131maktad\u0131r.<\/p><p class=\"228bf8a64b8551e1MsoNormal\">Force &amp; Brothers, proje kapsam\u0131nda analitik \u00e7er\u00e7evenin olu\u015fturulmas\u0131, uluslararas\u0131 kar\u015f\u0131la\u015ft\u0131rmalar\u0131n y\u00fcr\u00fct\u00fclmesi, payda\u015f g\u00f6r\u00fc\u015fmelerinin ger\u00e7ekle\u015ftirilmesi ile Ortak Ak\u0131l \u00c7al\u0131\u015ftay\u0131n\u0131n kurgulanmas\u0131 ve icras\u0131 rollerini \u00fcstlenmi\u015ftir. \u00c7al\u0131\u015fma, T\u00fcrkiye kimya sekt\u00f6r\u00fcn\u00fcn kurumsal gelece\u011fine ili\u015fkin d\u00fc\u015f\u00fcnsel ve yap\u0131sal bir zemin olu\u015fturmay\u0131 ama\u00e7lamaktad\u0131r.<\/p><\/div><\/div><\/div><\/div><\/div><\/div><\/div>\t\t\t\t\t\t\t\t<\/div>\n\t\t\t\t\t<\/div>\n\t\t<\/div>\n\t\t\t\t<div class=\"elementor-column elementor-col-33 elementor-top-column elementor-element elementor-element-1cb6191\" data-id=\"1cb6191\" data-element_type=\"column\" data-e-type=\"column\" data-settings=\"{&quot;ashton_ext_is_sticky&quot;:&quot;true&quot;,&quot;ashton_ext_link_sidemenu&quot;:&quot;false&quot;,&quot;ashton_ext_link_fullmenu&quot;:&quot;false&quot;,&quot;ashton_ext_sticky_top_spacing&quot;:{&quot;unit&quot;:&quot;px&quot;,&quot;size&quot;:100,&quot;sizes&quot;:[]},&quot;ashton_ext_is_scrollme&quot;:&quot;false&quot;,&quot;ashton_ext_is_smoove&quot;:&quot;false&quot;,&quot;ashton_ext_is_parallax_mouse&quot;:&quot;false&quot;,&quot;ashton_ext_is_infinite&quot;:&quot;false&quot;,&quot;ashton_ext_is_fadeout_animation&quot;:&quot;false&quot;}\">\n\t\t\t<div class=\"elementor-widget-wrap elementor-element-populated\">\n\t\t\t\t\t\t<div class=\"elementor-element elementor-element-85ab4d1 elementor-widget elementor-widget-heading\" data-id=\"85ab4d1\" data-element_type=\"widget\" data-e-type=\"widget\" data-settings=\"{&quot;ashton_ext_link_sidemenu&quot;:&quot;false&quot;,&quot;ashton_ext_link_fullmenu&quot;:&quot;false&quot;,&quot;ashton_ext_is_sticky&quot;:&quot;false&quot;,&quot;ashton_ext_is_scrollme&quot;:&quot;false&quot;,&quot;ashton_ext_is_smoove&quot;:&quot;false&quot;,&quot;ashton_ext_is_parallax_mouse&quot;:&quot;false&quot;,&quot;ashton_ext_is_infinite&quot;:&quot;false&quot;,&quot;ashton_ext_is_fadeout_animation&quot;:&quot;false&quot;}\" data-widget_type=\"heading.default\">\n\t\t\t\t\t<h2 class=\"elementor-heading-title elementor-size-default\">LABELS<\/h2>\t\t\t\t<\/div>\n\t\t\t\t<div class=\"elementor-element elementor-element-308f342 elementor-widget elementor-widget-text-editor\" data-id=\"308f342\" data-element_type=\"widget\" data-e-type=\"widget\" data-settings=\"{&quot;ashton_ext_link_sidemenu&quot;:&quot;false&quot;,&quot;ashton_ext_link_fullmenu&quot;:&quot;false&quot;,&quot;ashton_ext_is_sticky&quot;:&quot;false&quot;,&quot;ashton_ext_is_scrollme&quot;:&quot;false&quot;,&quot;ashton_ext_is_smoove&quot;:&quot;false&quot;,&quot;ashton_ext_is_parallax_mouse&quot;:&quot;false&quot;,&quot;ashton_ext_is_infinite&quot;:&quot;false&quot;,&quot;ashton_ext_is_fadeout_animation&quot;:&quot;false&quot;}\" data-widget_type=\"text-editor.default\">\n\t\t\t\t\t\t\t\t\t<div class=\"project-related-item\"><div class=\"project-related-item\"><div class=\"project-related-item\"><div class=\"project-related-item\"><div class=\"project-related-item\"><div class=\"project-related-item\"><div class=\"project-related-item\"><div class=\"project-related-item\"><p class=\"228bf8a64b8551e1MsoNormal\">Stratejik D\u00f6n\u00fc\u015f\u00fcm<br \/>Kurumsal Yap\u0131lanma ve Y\u00f6neti\u015fim<br \/>Sekt\u00f6rel Politika ve Vizyon<br \/>Feasibility Studies<br \/>Economic and Social Research<\/p><\/div><\/div><\/div><\/div><\/div><\/div><\/div><\/div>\t\t\t\t\t\t\t\t<\/div>\n\t\t\t\t\t<\/div>\n\t\t<\/div>\n\t\t\t\t\t<\/div>\n\t\t<\/section>\n\t\t\t\t<\/div>","protected":false},"excerpt":{"rendered":"<p>T\u00fcrkiye Kimya Ajans\u0131 \u00d6n Fizibilite ve \u0130htiya\u00e7 Analizi \u00c7al\u0131\u015fmas\u0131 T\u00fcrkiye kimya sekt\u00f6r\u00fc, sanayinin neredeyse t\u00fcm alanlar\u0131na girdi sa\u011flayan stratejik bir konuma sahip olmas\u0131na ra\u011fmen, kurumsal yap\u0131s\u0131 uzun y\u0131llar boyunca par\u00e7al\u0131 bir bi\u00e7imde \u015fekillenmi\u015ftir. Bu proje, sekt\u00f6r\u00fcn uzun vadeli d\u00f6n\u00fc\u015f\u00fcm\u00fcn\u00fc destekleyecek [&hellip;]<\/p>\n","protected":false},"author":1,"featured_media":0,"parent":0,"menu_order":0,"comment_status":"closed","ping_status":"closed","template":"","meta":{"footnotes":""},"class_list":["post-14838","page","type-page","status-publish","hentry"],"_links":{"self":[{"href":"https:\/\/www.forcebrothers.com\/en\/wp-json\/wp\/v2\/pages\/14838","targetHints":{"allow":["GET"]}}],"collection":[{"href":"https:\/\/www.forcebrothers.com\/en\/wp-json\/wp\/v2\/pages"}],"about":[{"href":"https:\/\/www.forcebrothers.com\/en\/wp-json\/wp\/v2\/types\/page"}],"author":[{"embeddable":true,"href":"https:\/\/www.forcebrothers.com\/en\/wp-json\/wp\/v2\/users\/1"}],"replies":[{"embeddable":true,"href":"https:\/\/www.forcebrothers.com\/en\/wp-json\/wp\/v2\/comments?post=14838"}],"version-history":[{"count":4,"href":"https:\/\/www.forcebrothers.com\/en\/wp-json\/wp\/v2\/pages\/14838\/revisions"}],"predecessor-version":[{"id":14842,"href":"https:\/\/www.forcebrothers.com\/en\/wp-json\/wp\/v2\/pages\/14838\/revisions\/14842"}],"wp:attachment":[{"href":"https:\/\/www.forcebrothers.com\/en\/wp-json\/wp\/v2\/media?parent=14838"}],"curies":[{"name":"wp","href":"https:\/\/api.w.org\/{rel}","templated":true}]}}