{"id":5456,"date":"2021-06-17T04:41:45","date_gmt":"2021-06-17T04:41:45","guid":{"rendered":"https:\/\/themes.themegoods.com\/ashton\/?page_id=5456"},"modified":"2026-02-05T07:53:22","modified_gmt":"2026-02-05T07:53:22","slug":"ekibimiz","status":"publish","type":"page","link":"https:\/\/www.forcebrothers.com\/en\/ekibimiz\/","title":{"rendered":"Our team"},"content":{"rendered":"<div data-elementor-type=\"wp-page\" data-elementor-id=\"5456\" class=\"elementor elementor-5456\" data-elementor-post-type=\"page\">\n\t\t\t\t\t\t<section class=\"elementor-section elementor-top-section elementor-element elementor-element-0bfd48d elementor-section-height-min-height elementor-section-stretched elementor-section-boxed elementor-section-height-default elementor-section-items-middle\" data-id=\"0bfd48d\" data-element_type=\"section\" data-e-type=\"section\" data-settings=\"{&quot;stretch_section&quot;:&quot;section-stretched&quot;,&quot;background_background&quot;:&quot;classic&quot;,&quot;shape_divider_bottom&quot;:&quot;curve-asymmetrical&quot;,&quot;shape_divider_bottom_negative&quot;:&quot;yes&quot;,&quot;ashton_ext_is_background_on_scroll&quot;:&quot;false&quot;}\">\n\t\t\t\t\t\t\t<div class=\"elementor-background-overlay\"><\/div>\n\t\t\t\t\t\t<div class=\"elementor-shape elementor-shape-bottom\" aria-hidden=\"true\" data-negative=\"true\">\n\t\t\t<svg xmlns=\"http:\/\/www.w3.org\/2000\/svg\" viewbox=\"0 0 1000 100\" preserveaspectratio=\"none\">\n\t<path class=\"elementor-shape-fill\" d=\"M615.2,96.7C240.2,97.8,0,18.9,0,0v100h1000V0C1000,19.2,989.8,96,615.2,96.7z\"\/>\n<\/svg>\t\t<\/div>\n\t\t\t\t\t<div class=\"elementor-container elementor-column-gap-default\">\n\t\t\t\t\t<div class=\"elementor-column elementor-col-50 elementor-top-column elementor-element elementor-element-751ccde\" data-id=\"751ccde\" data-element_type=\"column\" data-e-type=\"column\" data-settings=\"{&quot;ashton_ext_link_sidemenu&quot;:&quot;false&quot;,&quot;ashton_ext_link_fullmenu&quot;:&quot;false&quot;,&quot;ashton_ext_is_sticky&quot;:&quot;false&quot;,&quot;ashton_ext_is_scrollme&quot;:&quot;false&quot;,&quot;ashton_ext_is_parallax_mouse&quot;:&quot;false&quot;,&quot;ashton_ext_is_infinite&quot;:&quot;false&quot;,&quot;ashton_ext_is_fadeout_animation&quot;:&quot;false&quot;}\">\n\t\t\t<div class=\"elementor-widget-wrap elementor-element-populated\">\n\t\t\t\t\t\t<div class=\"elementor-element elementor-element-afbc5ff elementor-widget elementor-widget-heading\" data-id=\"afbc5ff\" data-element_type=\"widget\" data-e-type=\"widget\" data-settings=\"{&quot;ashton_ext_is_smoove&quot;:&quot;true&quot;,&quot;ashton_ext_smoove_disable&quot;:&quot;769&quot;,&quot;ashton_ext_smoove_duration&quot;:800,&quot;ashton_ext_smoove_translatex&quot;:{&quot;unit&quot;:&quot;px&quot;,&quot;size&quot;:35,&quot;sizes&quot;:[]},&quot;ashton_ext_link_sidemenu&quot;:&quot;false&quot;,&quot;ashton_ext_link_fullmenu&quot;:&quot;false&quot;,&quot;ashton_ext_is_sticky&quot;:&quot;false&quot;,&quot;ashton_ext_is_scrollme&quot;:&quot;false&quot;,&quot;ashton_ext_smoove_scalex&quot;:{&quot;unit&quot;:&quot;px&quot;,&quot;size&quot;:1,&quot;sizes&quot;:[]},&quot;ashton_ext_smoove_scaley&quot;:{&quot;unit&quot;:&quot;px&quot;,&quot;size&quot;:1,&quot;sizes&quot;:[]},&quot;ashton_ext_smoove_rotatex&quot;:{&quot;unit&quot;:&quot;px&quot;,&quot;size&quot;:0,&quot;sizes&quot;:[]},&quot;ashton_ext_smoove_rotatey&quot;:{&quot;unit&quot;:&quot;px&quot;,&quot;size&quot;:0,&quot;sizes&quot;:[]},&quot;ashton_ext_smoove_rotatez&quot;:{&quot;unit&quot;:&quot;px&quot;,&quot;size&quot;:0,&quot;sizes&quot;:[]},&quot;ashton_ext_smoove_translatey&quot;:{&quot;unit&quot;:&quot;px&quot;,&quot;size&quot;:0,&quot;sizes&quot;:[]},&quot;ashton_ext_smoove_translatez&quot;:{&quot;unit&quot;:&quot;px&quot;,&quot;size&quot;:0,&quot;sizes&quot;:[]},&quot;ashton_ext_smoove_skewx&quot;:{&quot;unit&quot;:&quot;px&quot;,&quot;size&quot;:0,&quot;sizes&quot;:[]},&quot;ashton_ext_smoove_skewy&quot;:{&quot;unit&quot;:&quot;px&quot;,&quot;size&quot;:0,&quot;sizes&quot;:[]},&quot;ashton_ext_smoove_transform_originx&quot;:{&quot;unit&quot;:&quot;px&quot;,&quot;size&quot;:50,&quot;sizes&quot;:[]},&quot;ashton_ext_smoove_transform_originy&quot;:{&quot;unit&quot;:&quot;px&quot;,&quot;size&quot;:50,&quot;sizes&quot;:[]},&quot;ashton_ext_smoove_perspective&quot;:{&quot;unit&quot;:&quot;px&quot;,&quot;size&quot;:1000,&quot;sizes&quot;:[]},&quot;ashton_ext_is_parallax_mouse&quot;:&quot;false&quot;,&quot;ashton_ext_is_infinite&quot;:&quot;false&quot;,&quot;ashton_ext_is_fadeout_animation&quot;:&quot;false&quot;}\" data-widget_type=\"heading.default\">\n\t\t\t\t\t<h2 class=\"elementor-heading-title elementor-size-default\">Force &amp; Borthers<\/h2>\t\t\t\t<\/div>\n\t\t\t\t<div class=\"elementor-element elementor-element-cc4c496 elementor-widget elementor-widget-heading\" data-id=\"cc4c496\" data-element_type=\"widget\" data-e-type=\"widget\" data-settings=\"{&quot;ashton_ext_is_smoove&quot;:&quot;true&quot;,&quot;ashton_ext_smoove_disable&quot;:&quot;769&quot;,&quot;ashton_ext_smoove_duration&quot;:800,&quot;ashton_ext_smoove_translatex&quot;:{&quot;unit&quot;:&quot;px&quot;,&quot;size&quot;:35,&quot;sizes&quot;:[]},&quot;ashton_ext_link_sidemenu&quot;:&quot;false&quot;,&quot;ashton_ext_link_fullmenu&quot;:&quot;false&quot;,&quot;ashton_ext_is_sticky&quot;:&quot;false&quot;,&quot;ashton_ext_is_scrollme&quot;:&quot;false&quot;,&quot;ashton_ext_smoove_scalex&quot;:{&quot;unit&quot;:&quot;px&quot;,&quot;size&quot;:1,&quot;sizes&quot;:[]},&quot;ashton_ext_smoove_scaley&quot;:{&quot;unit&quot;:&quot;px&quot;,&quot;size&quot;:1,&quot;sizes&quot;:[]},&quot;ashton_ext_smoove_rotatex&quot;:{&quot;unit&quot;:&quot;px&quot;,&quot;size&quot;:0,&quot;sizes&quot;:[]},&quot;ashton_ext_smoove_rotatey&quot;:{&quot;unit&quot;:&quot;px&quot;,&quot;size&quot;:0,&quot;sizes&quot;:[]},&quot;ashton_ext_smoove_rotatez&quot;:{&quot;unit&quot;:&quot;px&quot;,&quot;size&quot;:0,&quot;sizes&quot;:[]},&quot;ashton_ext_smoove_translatey&quot;:{&quot;unit&quot;:&quot;px&quot;,&quot;size&quot;:0,&quot;sizes&quot;:[]},&quot;ashton_ext_smoove_translatez&quot;:{&quot;unit&quot;:&quot;px&quot;,&quot;size&quot;:0,&quot;sizes&quot;:[]},&quot;ashton_ext_smoove_skewx&quot;:{&quot;unit&quot;:&quot;px&quot;,&quot;size&quot;:0,&quot;sizes&quot;:[]},&quot;ashton_ext_smoove_skewy&quot;:{&quot;unit&quot;:&quot;px&quot;,&quot;size&quot;:0,&quot;sizes&quot;:[]},&quot;ashton_ext_smoove_transform_originx&quot;:{&quot;unit&quot;:&quot;px&quot;,&quot;size&quot;:50,&quot;sizes&quot;:[]},&quot;ashton_ext_smoove_transform_originy&quot;:{&quot;unit&quot;:&quot;px&quot;,&quot;size&quot;:50,&quot;sizes&quot;:[]},&quot;ashton_ext_smoove_perspective&quot;:{&quot;unit&quot;:&quot;px&quot;,&quot;size&quot;:1000,&quot;sizes&quot;:[]},&quot;ashton_ext_is_parallax_mouse&quot;:&quot;false&quot;,&quot;ashton_ext_is_infinite&quot;:&quot;false&quot;}\" data-widget_type=\"heading.default\">\n\t\t\t\t\t<h2 class=\"elementor-heading-title elementor-size-default\">Our team<\/h2>\t\t\t\t<\/div>\n\t\t\t\t\t<\/div>\n\t\t<\/div>\n\t\t\t\t<div class=\"elementor-column elementor-col-50 elementor-top-column elementor-element elementor-element-23326dc elementor-hidden-phone\" data-id=\"23326dc\" data-element_type=\"column\" data-e-type=\"column\" data-settings=\"{&quot;ashton_ext_link_sidemenu&quot;:&quot;false&quot;,&quot;ashton_ext_link_fullmenu&quot;:&quot;false&quot;,&quot;ashton_ext_is_sticky&quot;:&quot;false&quot;,&quot;ashton_ext_is_scrollme&quot;:&quot;false&quot;,&quot;ashton_ext_is_smoove&quot;:&quot;false&quot;,&quot;ashton_ext_is_parallax_mouse&quot;:&quot;false&quot;,&quot;ashton_ext_is_infinite&quot;:&quot;false&quot;,&quot;ashton_ext_is_fadeout_animation&quot;:&quot;false&quot;}\">\n\t\t\t<div class=\"elementor-widget-wrap\">\n\t\t\t\t\t\t\t<\/div>\n\t\t<\/div>\n\t\t\t\t\t<\/div>\n\t\t<\/section>\n\t\t\t\t<section class=\"elementor-section elementor-top-section elementor-element elementor-element-9f32fea elementor-section-stretched elementor-section-boxed elementor-section-height-default elementor-section-height-default\" data-id=\"9f32fea\" data-element_type=\"section\" data-e-type=\"section\" data-settings=\"{&quot;stretch_section&quot;:&quot;section-stretched&quot;,&quot;background_background&quot;:&quot;classic&quot;,&quot;shape_divider_top&quot;:&quot;waves&quot;,&quot;ashton_ext_is_background_parallax&quot;:&quot;false&quot;,&quot;ashton_ext_is_background_on_scroll&quot;:&quot;false&quot;}\">\n\t\t\t\t\t<div class=\"elementor-shape elementor-shape-top\" aria-hidden=\"true\" data-negative=\"false\">\n\t\t\t<svg xmlns=\"http:\/\/www.w3.org\/2000\/svg\" viewbox=\"0 0 1000 100\" preserveaspectratio=\"none\">\n\t<path class=\"elementor-shape-fill\" d=\"M421.9,6.5c22.6-2.5,51.5,0.4,75.5,5.3c23.6,4.9,70.9,23.5,100.5,35.7c75.8,32.2,133.7,44.5,192.6,49.7\tc23.6,2.1,48.7,3.5,103.4-2.5c54.7-6,106.2-25.6,106.2-25.6V0H0v30.3c0,0,72,32.6,158.4,30.5c39.2-0.7,92.8-6.7,134-22.4\tc21.2-8.1,52.2-18.2,79.7-24.2C399.3,7.9,411.6,7.5,421.9,6.5z\"\/>\n<\/svg>\t\t<\/div>\n\t\t\t\t\t<div class=\"elementor-container elementor-column-gap-default\">\n\t\t\t\t\t<div class=\"elementor-column elementor-col-100 elementor-top-column elementor-element elementor-element-8dd9efd\" data-id=\"8dd9efd\" data-element_type=\"column\" data-e-type=\"column\" data-settings=\"{&quot;ashton_ext_link_sidemenu&quot;:&quot;false&quot;,&quot;ashton_ext_link_fullmenu&quot;:&quot;false&quot;,&quot;ashton_ext_is_sticky&quot;:&quot;false&quot;,&quot;ashton_ext_is_scrollme&quot;:&quot;false&quot;,&quot;ashton_ext_is_smoove&quot;:&quot;false&quot;,&quot;ashton_ext_is_parallax_mouse&quot;:&quot;false&quot;,&quot;ashton_ext_is_infinite&quot;:&quot;false&quot;,&quot;ashton_ext_is_fadeout_animation&quot;:&quot;false&quot;}\">\n\t\t\t<div class=\"elementor-widget-wrap elementor-element-populated\">\n\t\t\t\t\t\t<div class=\"elementor-element elementor-element-999030d elementor-widget elementor-widget-ashton-team-carousel\" data-id=\"999030d\" data-element_type=\"widget\" data-e-type=\"widget\" data-settings=\"{&quot;ashton_ext_link_sidemenu&quot;:&quot;false&quot;,&quot;ashton_ext_link_fullmenu&quot;:&quot;false&quot;,&quot;ashton_ext_is_sticky&quot;:&quot;false&quot;,&quot;ashton_ext_is_scrollme&quot;:&quot;false&quot;,&quot;ashton_ext_is_smoove&quot;:&quot;false&quot;,&quot;ashton_ext_is_parallax_mouse&quot;:&quot;false&quot;,&quot;ashton_ext_is_infinite&quot;:&quot;false&quot;,&quot;ashton_ext_is_fadeout_animation&quot;:&quot;false&quot;}\" data-widget_type=\"ashton-team-carousel.default\">\n\t\t\t\t<div class=\"elementor-widget-container\">\n\t\t\t\t\t<div class=\"team-carousel-wrapper\">\n\t<div class=\"owl-carousel\" data-pagination=\"0\" data-autoplay=\"0\" data-timer=\"8000\" data-items=\"3\" data-stage-padding=\"90\" data-margin=\"40\">\n\t\t\t<div class=\"item\">\n\t\t\t\t<div class=\"team-carousel-handle\"><\/div>\n\t\t\t\t\n\t\t\t\t\t\t\t\t\n\t\t\t\t\t\t\t\t\t<div class=\"team-carousel-image\">\n\t\t\t\t\t\t<div class=\"team-carousel-image-overflow\">\n\t\t\t\t\t\t\t<img decoding=\"async\" src=\"https:\/\/www.forcebrothers.com\/wp-content\/uploads\/2023\/09\/10-610x610.jpg\" alt=\"\" \/>\n\t\t\t\t\t\t<\/div>\n\t\t\t\t\t<\/div>\n\t\t\t\t\t\t\t\t\t\n\t\t\t\t\t\t\t\t\t<div class=\"team-carousel-content\">\n\t\t\t\t\t\t<div class=\"overflow-inner\">\n\t\t\t\t\t\t\t<div class=\"overflow-text\">\n\t\t\t\t\t\t\t\t<h3 class=\"team-carousel-title\">G\u00f6khan D\u0130N\u00c7<\/h3>\n\t\t\t\t\t\t\t\t<div class=\"team-carousel-subtitle\">General Manager<\/div>\n\t\t\t\t\t\t\t\t<div class=\"team-carousel-desc\"><\/div>\n\t\t\t\t\t\t\t<\/div>\n\t\t\t\t\t\t<\/div>\n\t\t\t\t\t<\/div>\n\t\t\t\t\t\t\t<\/div>\n\t\t\t<div class=\"item\">\n\t\t\t\t<div class=\"team-carousel-handle\"><\/div>\n\t\t\t\t\n\t\t\t\t\t\t\t\t\n\t\t\t\t\t\t\t\t\t<div class=\"team-carousel-image\">\n\t\t\t\t\t\t<div class=\"team-carousel-image-overflow\">\n\t\t\t\t\t\t\t<img decoding=\"async\" src=\"https:\/\/www.forcebrothers.com\/wp-content\/uploads\/2023\/09\/9-610x610.jpg\" alt=\"\" \/>\n\t\t\t\t\t\t<\/div>\n\t\t\t\t\t<\/div>\n\t\t\t\t\t\t\t\t\t\n\t\t\t\t\t\t\t\t\t<div class=\"team-carousel-content\">\n\t\t\t\t\t\t<div class=\"overflow-inner\">\n\t\t\t\t\t\t\t<div class=\"overflow-text\">\n\t\t\t\t\t\t\t\t<h3 class=\"team-carousel-title\">Doruk BAB\u0130LA<\/h3>\n\t\t\t\t\t\t\t\t<div class=\"team-carousel-subtitle\">Deputy General Manager<\/div>\n\t\t\t\t\t\t\t\t<div class=\"team-carousel-desc\"><\/div>\n\t\t\t\t\t\t\t<\/div>\n\t\t\t\t\t\t<\/div>\n\t\t\t\t\t<\/div>\n\t\t\t\t\t\t\t<\/div>\n\t\t\t<div class=\"item\">\n\t\t\t\t<div class=\"team-carousel-handle\"><\/div>\n\t\t\t\t\n\t\t\t\t\t\t\t\t\n\t\t\t\t\t\t\t\t\t<div class=\"team-carousel-image\">\n\t\t\t\t\t\t<div class=\"team-carousel-image-overflow\">\n\t\t\t\t\t\t\t<img decoding=\"async\" src=\"https:\/\/www.forcebrothers.com\/wp-content\/uploads\/2023\/09\/8-610x610.jpg\" alt=\"\" \/>\n\t\t\t\t\t\t<\/div>\n\t\t\t\t\t<\/div>\n\t\t\t\t\t\t\t\t\t\n\t\t\t\t\t\t\t\t\t<div class=\"team-carousel-content\">\n\t\t\t\t\t\t<div class=\"overflow-inner\">\n\t\t\t\t\t\t\t<div class=\"overflow-text\">\n\t\t\t\t\t\t\t\t<h3 class=\"team-carousel-title\">Eda K. A\u015eIRIM<\/h3>\n\t\t\t\t\t\t\t\t<div class=\"team-carousel-subtitle\">Project Manager<\/div>\n\t\t\t\t\t\t\t\t<div class=\"team-carousel-desc\">Economic Social Research Unit<\/div>\n\t\t\t\t\t\t\t<\/div>\n\t\t\t\t\t\t<\/div>\n\t\t\t\t\t<\/div>\n\t\t\t\t\t\t\t<\/div>\n\t\t\t<div class=\"item\">\n\t\t\t\t<div class=\"team-carousel-handle\"><\/div>\n\t\t\t\t\n\t\t\t\t\t\t\t\t\n\t\t\t\t\t\t\t\t\t<div class=\"team-carousel-image\">\n\t\t\t\t\t\t<div class=\"team-carousel-image-overflow\">\n\t\t\t\t\t\t\t<img decoding=\"async\" src=\"https:\/\/www.forcebrothers.com\/wp-content\/uploads\/2023\/12\/15-610x610.jpg\" alt=\"\" \/>\n\t\t\t\t\t\t<\/div>\n\t\t\t\t\t<\/div>\n\t\t\t\t\t\t\t\t\t\n\t\t\t\t\t\t\t\t\t<div class=\"team-carousel-content\">\n\t\t\t\t\t\t<div class=\"overflow-inner\">\n\t\t\t\t\t\t\t<div class=\"overflow-text\">\n\t\t\t\t\t\t\t\t<h3 class=\"team-carousel-title\">Setenay DEM\u0130R<\/h3>\n\t\t\t\t\t\t\t\t<div class=\"team-carousel-subtitle\">Project Manager<\/div>\n\t\t\t\t\t\t\t\t<div class=\"team-carousel-desc\">Business Development Unit<\/div>\n\t\t\t\t\t\t\t<\/div>\n\t\t\t\t\t\t<\/div>\n\t\t\t\t\t<\/div>\n\t\t\t\t\t\t\t<\/div>\n\t<\/div>\n<\/div>\n\t\t\t\t<\/div>\n\t\t\t\t<\/div>\n\t\t\t\t<div class=\"elementor-element elementor-element-0e4c87c elementor-widget elementor-widget-ashton-team-carousel\" data-id=\"0e4c87c\" data-element_type=\"widget\" data-e-type=\"widget\" data-settings=\"{&quot;ashton_ext_link_sidemenu&quot;:&quot;false&quot;,&quot;ashton_ext_link_fullmenu&quot;:&quot;false&quot;,&quot;ashton_ext_is_sticky&quot;:&quot;false&quot;,&quot;ashton_ext_is_scrollme&quot;:&quot;false&quot;,&quot;ashton_ext_is_smoove&quot;:&quot;false&quot;,&quot;ashton_ext_is_parallax_mouse&quot;:&quot;false&quot;,&quot;ashton_ext_is_infinite&quot;:&quot;false&quot;,&quot;ashton_ext_is_fadeout_animation&quot;:&quot;false&quot;}\" data-widget_type=\"ashton-team-carousel.default\">\n\t\t\t\t<div class=\"elementor-widget-container\">\n\t\t\t\t\t<div class=\"team-carousel-wrapper\">\n\t<div class=\"owl-carousel\" data-pagination=\"0\" data-autoplay=\"0\" data-timer=\"8000\" data-items=\"3\" data-stage-padding=\"90\" data-margin=\"40\">\n\t\t\t<div class=\"item\">\n\t\t\t\t<div class=\"team-carousel-handle\"><\/div>\n\t\t\t\t\n\t\t\t\t\t\t\t\t\n\t\t\t\t\t\t\t\t\t<div class=\"team-carousel-image\">\n\t\t\t\t\t\t<div class=\"team-carousel-image-overflow\">\n\t\t\t\t\t\t\t<img decoding=\"async\" src=\"https:\/\/www.forcebrothers.com\/wp-content\/uploads\/2023\/09\/women-01-1024x1024-1-1024x1024-1-610x610.jpeg\" alt=\"\" \/>\n\t\t\t\t\t\t<\/div>\n\t\t\t\t\t<\/div>\n\t\t\t\t\t\t\t\t\t\n\t\t\t\t\t\t\t\t\t<div class=\"team-carousel-content\">\n\t\t\t\t\t\t<div class=\"overflow-inner\">\n\t\t\t\t\t\t\t<div class=\"overflow-text\">\n\t\t\t\t\t\t\t\t<h3 class=\"team-carousel-title\">Sema YAVUZ<\/h3>\n\t\t\t\t\t\t\t\t<div class=\"team-carousel-subtitle\">Financial Affairs Specialist<\/div>\n\t\t\t\t\t\t\t\t<div class=\"team-carousel-desc\">Corporate Development and Support Services<\/div>\n\t\t\t\t\t\t\t<\/div>\n\t\t\t\t\t\t<\/div>\n\t\t\t\t\t<\/div>\n\t\t\t\t\t\t\t<\/div>\n\t\t\t<div class=\"item\">\n\t\t\t\t<div class=\"team-carousel-handle\"><\/div>\n\t\t\t\t\n\t\t\t\t\t\t\t\t\n\t\t\t\t\t\t\t\t\t<div class=\"team-carousel-image\">\n\t\t\t\t\t\t<div class=\"team-carousel-image-overflow\">\n\t\t\t\t\t\t\t<img decoding=\"async\" src=\"https:\/\/www.forcebrothers.com\/wp-content\/uploads\/2023\/09\/women-01-1024x1024-1-1024x1024-1-610x610.jpeg\" alt=\"\" \/>\n\t\t\t\t\t\t<\/div>\n\t\t\t\t\t<\/div>\n\t\t\t\t\t\t\t\t\t\n\t\t\t\t\t\t\t\t\t<div class=\"team-carousel-content\">\n\t\t\t\t\t\t<div class=\"overflow-inner\">\n\t\t\t\t\t\t\t<div class=\"overflow-text\">\n\t\t\t\t\t\t\t\t<h3 class=\"team-carousel-title\">B\u00fc\u015fra Efe DEM\u0130R\u00d6REN<\/h3>\n\t\t\t\t\t\t\t\t<div class=\"team-carousel-subtitle\">Expert<\/div>\n\t\t\t\t\t\t\t\t<div class=\"team-carousel-desc\">Ekonomik ve Sosyal Ara\u015ft\u0131rmalar Birimi<\/div>\n\t\t\t\t\t\t\t<\/div>\n\t\t\t\t\t\t<\/div>\n\t\t\t\t\t<\/div>\n\t\t\t\t\t\t\t<\/div>\n\t\t\t<div class=\"item\">\n\t\t\t\t<div class=\"team-carousel-handle\"><\/div>\n\t\t\t\t\n\t\t\t\t\t\t\t\t\n\t\t\t\t\t\t\t\t\t<div class=\"team-carousel-image\">\n\t\t\t\t\t\t<div class=\"team-carousel-image-overflow\">\n\t\t\t\t\t\t\t<img decoding=\"async\" src=\"https:\/\/www.forcebrothers.com\/wp-content\/uploads\/2023\/09\/men-01-01-1024x1024-1-1024x1024-1-610x610.jpeg\" alt=\"\" \/>\n\t\t\t\t\t\t<\/div>\n\t\t\t\t\t<\/div>\n\t\t\t\t\t\t\t\t\t\n\t\t\t\t\t\t\t\t\t<div class=\"team-carousel-content\">\n\t\t\t\t\t\t<div class=\"overflow-inner\">\n\t\t\t\t\t\t\t<div class=\"overflow-text\">\n\t\t\t\t\t\t\t\t<h3 class=\"team-carousel-title\">Omar ELOMAR<\/h3>\n\t\t\t\t\t\t\t\t<div class=\"team-carousel-subtitle\">Graphic Designer<\/div>\n\t\t\t\t\t\t\t\t<div class=\"team-carousel-desc\"><\/div>\n\t\t\t\t\t\t\t<\/div>\n\t\t\t\t\t\t<\/div>\n\t\t\t\t\t<\/div>\n\t\t\t\t\t\t\t<\/div>\n\t\t\t<div class=\"item\">\n\t\t\t\t<div class=\"team-carousel-handle\"><\/div>\n\t\t\t\t\n\t\t\t\t\t\t\t\t\n\t\t\t\t\t\t\t\t\t<div class=\"team-carousel-image\">\n\t\t\t\t\t\t<div class=\"team-carousel-image-overflow\">\n\t\t\t\t\t\t\t<img decoding=\"async\" src=\"https:\/\/www.forcebrothers.com\/wp-content\/uploads\/2023\/09\/women-01-1024x1024-1-1024x1024-1-610x610.jpeg\" alt=\"\" \/>\n\t\t\t\t\t\t<\/div>\n\t\t\t\t\t<\/div>\n\t\t\t\t\t\t\t\t\t\n\t\t\t\t\t\t\t\t\t<div class=\"team-carousel-content\">\n\t\t\t\t\t\t<div class=\"overflow-inner\">\n\t\t\t\t\t\t\t<div class=\"overflow-text\">\n\t\t\t\t\t\t\t\t<h3 class=\"team-carousel-title\">Dilek \u00d6YK<\/h3>\n\t\t\t\t\t\t\t\t<div class=\"team-carousel-subtitle\">Secretary<\/div>\n\t\t\t\t\t\t\t\t<div class=\"team-carousel-desc\"><\/div>\n\t\t\t\t\t\t\t<\/div>\n\t\t\t\t\t\t<\/div>\n\t\t\t\t\t<\/div>\n\t\t\t\t\t\t\t<\/div>\n\t<\/div>\n<\/div>\n\t\t\t\t<\/div>\n\t\t\t\t<\/div>\n\t\t\t\t\t<\/div>\n\t\t<\/div>\n\t\t\t\t\t<\/div>\n\t\t<\/section>\n\t\t\t\t<section class=\"elementor-section elementor-top-section elementor-element elementor-element-43506c1 elementor-section-boxed elementor-section-height-default elementor-section-height-default\" data-id=\"43506c1\" data-element_type=\"section\" data-e-type=\"section\" data-settings=\"{&quot;background_background&quot;:&quot;classic&quot;,&quot;ashton_ext_is_background_parallax&quot;:&quot;false&quot;,&quot;ashton_ext_is_background_on_scroll&quot;:&quot;false&quot;}\">\n\t\t\t\t\t\t\t<div class=\"elementor-background-overlay\"><\/div>\n\t\t\t\t\t\t\t<div class=\"elementor-container elementor-column-gap-default\">\n\t\t\t\t\t<div class=\"elementor-column elementor-col-50 elementor-top-column elementor-element elementor-element-0eb8f3f\" data-id=\"0eb8f3f\" data-element_type=\"column\" data-e-type=\"column\" data-settings=\"{&quot;ashton_ext_link_sidemenu&quot;:&quot;false&quot;,&quot;ashton_ext_link_fullmenu&quot;:&quot;false&quot;,&quot;ashton_ext_is_sticky&quot;:&quot;false&quot;,&quot;ashton_ext_is_scrollme&quot;:&quot;false&quot;,&quot;ashton_ext_is_smoove&quot;:&quot;false&quot;,&quot;ashton_ext_is_parallax_mouse&quot;:&quot;false&quot;,&quot;ashton_ext_is_infinite&quot;:&quot;false&quot;,&quot;ashton_ext_is_fadeout_animation&quot;:&quot;false&quot;}\">\n\t\t\t<div class=\"elementor-widget-wrap elementor-element-populated\">\n\t\t\t\t\t\t<div class=\"elementor-element elementor-element-aad3296 elementor-widget elementor-widget-heading\" data-id=\"aad3296\" data-element_type=\"widget\" data-e-type=\"widget\" data-settings=\"{&quot;ashton_ext_link_sidemenu&quot;:&quot;false&quot;,&quot;ashton_ext_link_fullmenu&quot;:&quot;false&quot;,&quot;ashton_ext_is_sticky&quot;:&quot;false&quot;,&quot;ashton_ext_is_scrollme&quot;:&quot;false&quot;,&quot;ashton_ext_is_parallax_mouse&quot;:&quot;false&quot;,&quot;ashton_ext_is_infinite&quot;:&quot;false&quot;}\" data-widget_type=\"heading.default\">\n\t\t\t\t\t<h2 class=\"elementor-heading-title elementor-size-default\">Contact <\/h2>\t\t\t\t<\/div>\n\t\t\t\t<div class=\"elementor-element elementor-element-3142592 elementor-widget elementor-widget-heading\" data-id=\"3142592\" data-element_type=\"widget\" data-e-type=\"widget\" data-settings=\"{&quot;ashton_ext_link_sidemenu&quot;:&quot;false&quot;,&quot;ashton_ext_link_fullmenu&quot;:&quot;false&quot;,&quot;ashton_ext_is_sticky&quot;:&quot;false&quot;,&quot;ashton_ext_is_scrollme&quot;:&quot;false&quot;,&quot;ashton_ext_is_parallax_mouse&quot;:&quot;false&quot;,&quot;ashton_ext_is_infinite&quot;:&quot;false&quot;}\" data-widget_type=\"heading.default\">\n\t\t\t\t\t<h2 class=\"elementor-heading-title elementor-size-default\">Us<\/h2>\t\t\t\t<\/div>\n\t\t\t\t\t<\/div>\n\t\t<\/div>\n\t\t\t\t<div class=\"elementor-column elementor-col-50 elementor-top-column elementor-element elementor-element-3a75274\" data-id=\"3a75274\" data-element_type=\"column\" data-e-type=\"column\" data-settings=\"{&quot;ashton_ext_link_sidemenu&quot;:&quot;false&quot;,&quot;ashton_ext_link_fullmenu&quot;:&quot;false&quot;,&quot;ashton_ext_is_sticky&quot;:&quot;false&quot;,&quot;ashton_ext_is_scrollme&quot;:&quot;false&quot;,&quot;ashton_ext_is_smoove&quot;:&quot;false&quot;,&quot;ashton_ext_is_parallax_mouse&quot;:&quot;false&quot;,&quot;ashton_ext_is_infinite&quot;:&quot;false&quot;,&quot;ashton_ext_is_fadeout_animation&quot;:&quot;false&quot;}\">\n\t\t\t<div class=\"elementor-widget-wrap elementor-element-populated\">\n\t\t\t\t\t\t<div class=\"elementor-element elementor-element-a56fab5 elementor-widget elementor-widget-heading\" data-id=\"a56fab5\" data-element_type=\"widget\" data-e-type=\"widget\" data-settings=\"{&quot;ashton_ext_link_sidemenu&quot;:&quot;false&quot;,&quot;ashton_ext_link_fullmenu&quot;:&quot;false&quot;,&quot;ashton_ext_is_sticky&quot;:&quot;false&quot;,&quot;ashton_ext_is_scrollme&quot;:&quot;false&quot;,&quot;ashton_ext_is_parallax_mouse&quot;:&quot;false&quot;,&quot;ashton_ext_is_infinite&quot;:&quot;false&quot;}\" data-widget_type=\"heading.default\">\n\t\t\t\t\t<span class=\"elementor-heading-title elementor-size-default\">Our expert team is here to provide consultancy services on all matters. We can help you grow your business and achieve your goals.<\/span>\t\t\t\t<\/div>\n\t\t\t\t<div class=\"elementor-element elementor-element-a81e526 elementor-widget__width-auto elementor-widget elementor-widget-button\" data-id=\"a81e526\" data-element_type=\"widget\" data-e-type=\"widget\" data-settings=\"{&quot;ashton_ext_link_sidemenu&quot;:&quot;false&quot;,&quot;ashton_ext_link_fullmenu&quot;:&quot;false&quot;,&quot;ashton_ext_is_sticky&quot;:&quot;false&quot;,&quot;ashton_ext_is_scrollme&quot;:&quot;false&quot;,&quot;ashton_ext_is_parallax_mouse&quot;:&quot;false&quot;,&quot;ashton_ext_is_infinite&quot;:&quot;false&quot;,&quot;ashton_ext_is_fadeout_animation&quot;:&quot;false&quot;}\" data-widget_type=\"button.default\">\n\t\t\t\t\t\t\t\t\t\t<a class=\"elementor-button elementor-button-link elementor-size-sm elementor-animation-float\" href=\"https:\/\/www.forcebrothers.com\/en\/iletisim\/\">\n\t\t\t\t\t\t<span class=\"elementor-button-content-wrapper\">\n\t\t\t\t\t\t\t\t\t<span class=\"elementor-button-text\">Contact<\/span>\n\t\t\t\t\t<\/span>\n\t\t\t\t\t<\/a>\n\t\t\t\t\t\t\t\t<\/div>\n\t\t\t\t\t<\/div>\n\t\t<\/div>\n\t\t\t\t\t<\/div>\n\t\t<\/section>\n\t\t\t\t<\/div>","protected":false},"excerpt":{"rendered":"<p>Force &amp; Borthers Ekibimiz G\u00f6khan D\u0130N\u00c7 Genel M\u00fcd\u00fcr Doruk BAB\u0130LA Genel M\u00fcd\u00fcr Yard\u0131mc\u0131s\u0131 Eda K. A\u015eIRIM Proje Y\u00f6neticisi Ekonomik Sosyal Ara\u015ft\u0131rmalar Birimi Setenay DEM\u0130R Proje Y\u00f6neticisi \u0130\u015f Geli\u015ftirme Birimi Sema YAVUZ Mali \u0130\u015fler Uzman\u0131 Kurumsal Geli\u015fim ve Destek Hizmetleri B\u00fc\u015fra [&hellip;]<\/p>\n","protected":false},"author":1,"featured_media":0,"parent":0,"menu_order":0,"comment_status":"closed","ping_status":"closed","template":"elementor_header_footer","meta":{"footnotes":""},"class_list":["post-5456","page","type-page","status-publish","hentry"],"_links":{"self":[{"href":"https:\/\/www.forcebrothers.com\/en\/wp-json\/wp\/v2\/pages\/5456","targetHints":{"allow":["GET"]}}],"collection":[{"href":"https:\/\/www.forcebrothers.com\/en\/wp-json\/wp\/v2\/pages"}],"about":[{"href":"https:\/\/www.forcebrothers.com\/en\/wp-json\/wp\/v2\/types\/page"}],"author":[{"embeddable":true,"href":"https:\/\/www.forcebrothers.com\/en\/wp-json\/wp\/v2\/users\/1"}],"replies":[{"embeddable":true,"href":"https:\/\/www.forcebrothers.com\/en\/wp-json\/wp\/v2\/comments?post=5456"}],"version-history":[{"count":92,"href":"https:\/\/www.forcebrothers.com\/en\/wp-json\/wp\/v2\/pages\/5456\/revisions"}],"predecessor-version":[{"id":14872,"href":"https:\/\/www.forcebrothers.com\/en\/wp-json\/wp\/v2\/pages\/5456\/revisions\/14872"}],"wp:attachment":[{"href":"https:\/\/www.forcebrothers.com\/en\/wp-json\/wp\/v2\/media?parent=5456"}],"curies":[{"name":"wp","href":"https:\/\/api.w.org\/{rel}","templated":true}]}}